{"id":939,"date":"2024-09-30T06:53:01","date_gmt":"2024-09-30T06:53:01","guid":{"rendered":"https:\/\/dycarbonfiber-com-838631.hostingersite.com\/about\/"},"modified":"2026-01-16T01:48:06","modified_gmt":"2026-01-16T01:48:06","slug":"about-us","status":"publish","type":"page","link":"https:\/\/dycarbonfiber.com\/da\/about-us\/","title":{"rendered":"Om USA"},"content":{"rendered":"<div data-elementor-type=\"wp-page\" data-elementor-id=\"939\" class=\"elementor elementor-939\" data-elementor-post-type=\"page\">\n\t\t\t\t<div class=\"elementor-element elementor-element-124ed76e e-flex e-con-boxed e-con e-parent\" data-id=\"124ed76e\" data-element_type=\"container\" data-e-type=\"container\">\n\t\t\t\t\t<div class=\"e-con-inner\">\n\t\t<div class=\"elementor-element elementor-element-50b6673b e-con-full e-flex e-con e-child\" data-id=\"50b6673b\" data-element_type=\"container\" data-e-type=\"container\">\n\t\t\t\t<div class=\"elementor-element elementor-element-29313c5d elementor-widget elementor-widget-heading\" data-id=\"29313c5d\" data-element_type=\"widget\" data-e-type=\"widget\" data-widget_type=\"heading.default\">\n\t\t\t\t\t<h1 class=\"elementor-heading-title elementor-size-default\">Virksomhedens profil,<br><b>Om os<\/b><\/h1>\t\t\t\t<\/div>\n\t\t\t\t<div class=\"elementor-element elementor-element-54a2e75c elementor-widget-divider--view-line elementor-widget elementor-widget-divider\" data-id=\"54a2e75c\" data-element_type=\"widget\" data-e-type=\"widget\" data-widget_type=\"divider.default\">\n\t\t\t\t\t\t\t<div class=\"elementor-divider\">\n\t\t\t<span class=\"elementor-divider-separator\">\n\t\t\t\t\t\t<\/span>\n\t\t<\/div>\n\t\t\t\t\t\t<\/div>\n\t\t\t\t<div class=\"elementor-element elementor-element-24716e94 elementor-widget elementor-widget-text-editor\" data-id=\"24716e94\" data-element_type=\"widget\" data-e-type=\"widget\" data-widget_type=\"text-editor.default\">\n\t\t\t\t\t\t\t\t\t<p style=\"text-align: left;\"><strong>CarbonCore Dynamik<\/strong> er en global producent af kulfiberkompositmaterialeprodukter og er dedikeret til at blive en verdens f\u00f8rsteklasses leverand\u00f8r af kulfiberprodukter og -tjenester. Jinming blev grundlagt i 2010 og har vokset i n\u00e6sten 15 \u00e5r. Siden etableringen har vores virksomhed overholdt forretningsfilosofien \"kundeeftersp\u00f8rgselsorienteret og kvalitetsorienteret\" for at levere kvalitetstjenester b\u00e6redygtigt til innovation af kompositmaterialeindustrien.<\/p>\t\t\t\t\t\t\t\t<\/div>\n\t\t\t\t<div class=\"elementor-element elementor-element-684d89fc elementor-tablet-align-center elementor-invisible elementor-widget elementor-widget-button\" data-id=\"684d89fc\" data-element_type=\"widget\" data-e-type=\"widget\" data-settings=\"{&quot;_animation&quot;:&quot;fadeInLeft&quot;}\" data-widget_type=\"button.default\">\n\t\t\t\t\t\t\t\t\t\t<a class=\"elementor-button elementor-button-link elementor-size-sm elementor-animation-shrink\" href=\"#elementor-action%3Aaction%3Dpopup%3Aopen%26settings%3DeyJpZCI6IjE5NjMiLCJ0b2dnbGUiOmZhbHNlfQ%3D%3D\">\n\t\t\t\t\t\t<span class=\"elementor-button-content-wrapper\">\n\t\t\t\t\t\t\t\t\t<span class=\"elementor-button-text\">Hurtigt tilbud<\/span>\n\t\t\t\t\t<\/span>\n\t\t\t\t\t<\/a>\n\t\t\t\t\t\t\t\t<\/div>\n\t\t\t\t<\/div>\n\t\t<div class=\"elementor-element elementor-element-ddb0333 e-con-full e-flex e-con e-child\" data-id=\"ddb0333\" data-element_type=\"container\" data-e-type=\"container\" data-settings=\"{&quot;background_background&quot;:&quot;classic&quot;,&quot;background_motion_fx_motion_fx_scrolling&quot;:&quot;yes&quot;,&quot;background_motion_fx_scale_effect&quot;:&quot;yes&quot;,&quot;background_motion_fx_scale_range&quot;:{&quot;unit&quot;:&quot;%&quot;,&quot;size&quot;:&quot;&quot;,&quot;sizes&quot;:{&quot;start&quot;:50,&quot;end&quot;:100}},&quot;background_motion_fx_scale_direction&quot;:&quot;out-in&quot;,&quot;background_motion_fx_scale_speed&quot;:{&quot;unit&quot;:&quot;px&quot;,&quot;size&quot;:4,&quot;sizes&quot;:[]},&quot;background_motion_fx_devices&quot;:[&quot;desktop&quot;,&quot;tablet&quot;,&quot;mobile&quot;]}\">\n\t\t\t\t<\/div>\n\t\t\t\t\t<\/div>\n\t\t\t\t<\/div>\n\t\t<div class=\"elementor-element elementor-element-7fcb10b0 e-flex e-con-boxed e-con e-parent\" data-id=\"7fcb10b0\" data-element_type=\"container\" data-e-type=\"container\" data-settings=\"{&quot;background_background&quot;:&quot;gradient&quot;}\">\n\t\t\t\t\t<div class=\"e-con-inner\">\n\t\t<div class=\"elementor-element elementor-element-423d12be e-con-full e-flex e-con e-child\" data-id=\"423d12be\" data-element_type=\"container\" data-e-type=\"container\">\n\t\t\t\t<div class=\"elementor-element elementor-element-5ea168d0 elementor-widget-tablet__width-inherit elementor-cta--skin-classic elementor-animated-content elementor-bg-transform elementor-bg-transform-zoom-in elementor-widget elementor-widget-call-to-action\" data-id=\"5ea168d0\" data-element_type=\"widget\" data-e-type=\"widget\" data-widget_type=\"call-to-action.default\">\n\t\t\t\t\t\t\t<div class=\"elementor-cta\">\r\n\t\t\t\t\t<div class=\"elementor-cta__bg-wrapper\">\r\n\t\t\t\t<div class=\"elementor-cta__bg elementor-bg\" style=\"background-image: url(https:\/\/dycarbonfiber.com\/wp-content\/uploads\/2024\/11\/Carbon-Fiber-CNC-Parts001.jpg);\" role=\"img\" aria-label=\"Kulfiber-r\u00f8r\"><\/div>\r\n\t\t\t\t<div class=\"elementor-cta__bg-overlay\"><\/div>\r\n\t\t\t<\/div>\r\n\t\t\t\t\t\t\t\t<\/div>\r\n\t\t\t\t\t\t<\/div>\n\t\t\t\t<div class=\"elementor-element elementor-element-b0eed51 elementor-widget__width-initial elementor-absolute elementor-widget elementor-widget-spacer\" data-id=\"b0eed51\" data-element_type=\"widget\" data-e-type=\"widget\" data-settings=\"{&quot;_position&quot;:&quot;absolute&quot;}\" data-widget_type=\"spacer.default\">\n\t\t\t\t\t\t\t<div class=\"elementor-spacer\">\n\t\t\t<div class=\"elementor-spacer-inner\"><\/div>\n\t\t<\/div>\n\t\t\t\t\t\t<\/div>\n\t\t\t\t<\/div>\n\t\t<div class=\"elementor-element elementor-element-165fd716 e-con-full e-flex e-con e-child\" data-id=\"165fd716\" data-element_type=\"container\" data-e-type=\"container\">\n\t\t\t\t<div class=\"elementor-element elementor-element-50b8f1a3 elementor-widget-divider--view-line elementor-widget elementor-widget-divider\" data-id=\"50b8f1a3\" data-element_type=\"widget\" data-e-type=\"widget\" data-widget_type=\"divider.default\">\n\t\t\t\t\t\t\t<div class=\"elementor-divider\">\n\t\t\t<span class=\"elementor-divider-separator\">\n\t\t\t\t\t\t<\/span>\n\t\t<\/div>\n\t\t\t\t\t\t<\/div>\n\t\t\t\t<div class=\"elementor-element elementor-element-11d84d66 elementor-widget elementor-widget-heading\" data-id=\"11d84d66\" data-element_type=\"widget\" data-e-type=\"widget\" data-widget_type=\"heading.default\">\n\t\t\t\t\t<h2 class=\"elementor-heading-title elementor-size-default\"><b>Hvad vi g\u00f8r<\/b><br>Forretningsfordele<\/h2>\t\t\t\t<\/div>\n\t\t\t\t<div class=\"elementor-element elementor-element-1ff727db elementor-widget elementor-widget-text-editor\" data-id=\"1ff727db\" data-element_type=\"widget\" data-e-type=\"widget\" data-widget_type=\"text-editor.default\">\n\t\t\t\t\t\t\t\t\t<h2>Metoder til fremstilling af kulfiber<\/h2>\t\t\t\t\t\t\t\t<\/div>\n\t\t<div class=\"elementor-element elementor-element-6f478b0b e-con-full e-flex e-con e-child\" data-id=\"6f478b0b\" data-element_type=\"container\" data-e-type=\"container\">\n\t\t\t\t<div class=\"elementor-element elementor-element-25761c6b elementor-widget elementor-widget-text-editor\" data-id=\"25761c6b\" data-element_type=\"widget\" data-e-type=\"widget\" data-widget_type=\"text-editor.default\">\n\t\t\t\t\t\t\t\t\t<p>Vi fremstiller kulfiberdele og kompositprodukter ved hj\u00e6lp af en r\u00e6kke forskellige procesmetoder. Eller n\u00e5r behovet opst\u00e5r, udvikler vi en helt ny proces, der opfylder dine behov og krav.\u00a0<\/p>\t\t\t\t\t\t\t\t<\/div>\n\t\t\t\t<\/div>\n\t\t\t\t<\/div>\n\t\t\t\t\t<\/div>\n\t\t\t\t<\/div>\n\t\t<div class=\"elementor-element elementor-element-299d7641 e-con-full e-flex e-con e-parent\" data-id=\"299d7641\" data-element_type=\"container\" data-e-type=\"container\">\n\t\t<div class=\"elementor-element elementor-element-75377c94 e-con-full e-flex e-con e-child\" data-id=\"75377c94\" data-element_type=\"container\" data-e-type=\"container\">\n\t\t\t\t<div class=\"elementor-element elementor-element-45972570 elementor-widget elementor-widget-heading\" data-id=\"45972570\" data-element_type=\"widget\" data-e-type=\"widget\" data-widget_type=\"heading.default\">\n\t\t\t\t\t<h2 class=\"elementor-heading-title elementor-size-default\">Vi er her for at <b>alle dine sp\u00f8rgsm\u00e5l<\/b>\n\n<\/h2>\t\t\t\t<\/div>\n\t\t\t\t<div class=\"elementor-element elementor-element-2bf73d8 elementor-widget-divider--view-line elementor-widget elementor-widget-divider\" data-id=\"2bf73d8\" data-element_type=\"widget\" data-e-type=\"widget\" data-widget_type=\"divider.default\">\n\t\t\t\t\t\t\t<div class=\"elementor-divider\">\n\t\t\t<span class=\"elementor-divider-separator\">\n\t\t\t\t\t\t<\/span>\n\t\t<\/div>\n\t\t\t\t\t\t<\/div>\n\t\t\t\t<div class=\"elementor-element elementor-element-7cc6f350 elementor-widget__width-inherit elementor-widget elementor-widget-toggle\" data-id=\"7cc6f350\" data-element_type=\"widget\" data-e-type=\"widget\" data-widget_type=\"toggle.default\">\n\t\t\t\t\t\t\t<div class=\"elementor-toggle\">\n\t\t\t\t\t\t\t<div class=\"elementor-toggle-item\">\n\t\t\t\t\t<h6 id=\"elementor-tab-title-2091\" class=\"elementor-tab-title\" data-tab=\"1\" role=\"button\" aria-controls=\"elementor-tab-content-2091\" aria-expanded=\"false\">\n\t\t\t\t\t\t\t\t\t\t\t\t<a class=\"elementor-toggle-title\" tabindex=\"0\">Hvordan fremstilles kulfiber?<\/a>\n\t\t\t\t\t<\/h6>\n\n\t\t\t\t\t<div id=\"elementor-tab-content-2091\" class=\"elementor-tab-content elementor-clearfix\" data-tab=\"1\" role=\"region\" aria-labelledby=\"elementor-tab-title-2091\"><p>Kulfiber fremstilles ved at opvarme organiske polymerfibre (som polyacrylonitril) til ekstremt h\u00f8je temperaturer i et iltfrit milj\u00f8.<\/p><p>Denne proces, der kaldes karbonisering, fjerner ikke-kulstofatomer og efterlader t\u00e6tbundne kulstofstrukturer.<\/p><p>Disse fibre v\u00e6ves eller st\u00f8bes derefter i de \u00f8nskede former og kombineres ofte med harpiks for at danne st\u00e6rke, lette kompositter.<\/p><\/div>\n\t\t\t\t<\/div>\n\t\t\t\t\t\t\t\t<\/div>\n\t\t\t\t\t\t<\/div>\n\t\t\t\t<div class=\"elementor-element elementor-element-652db6c5 elementor-widget__width-inherit elementor-widget elementor-widget-toggle\" data-id=\"652db6c5\" data-element_type=\"widget\" data-e-type=\"widget\" data-widget_type=\"toggle.default\">\n\t\t\t\t\t\t\t<div class=\"elementor-toggle\">\n\t\t\t\t\t\t\t<div class=\"elementor-toggle-item\">\n\t\t\t\t\t<h6 id=\"elementor-tab-title-1691\" class=\"elementor-tab-title\" data-tab=\"1\" role=\"button\" aria-controls=\"elementor-tab-content-1691\" aria-expanded=\"false\">\n\t\t\t\t\t\t\t\t\t\t\t\t<a class=\"elementor-toggle-title\" tabindex=\"0\">Hvor mange typer kulfiber findes der?<\/a>\n\t\t\t\t\t<\/h6>\n\n\t\t\t\t\t<div id=\"elementor-tab-content-1691\" class=\"elementor-tab-content elementor-clearfix\" data-tab=\"1\" role=\"region\" aria-labelledby=\"elementor-tab-title-1691\"><p>Kulfiber kan klassificeres i flere typer baseret p\u00e5 modulus, styrke og fibertype.<\/p><p>De vigtigste kategorier omfatter <strong>h\u00f8j modulus<\/strong>, <strong>h\u00f8j styrke<\/strong>og <strong>mellemliggende modul<\/strong> fibre.<\/p><p>Derudover er de kategoriseret efter udgangsmateriale, s\u00e5som <strong>PAN-baseret<\/strong> (mest almindelige), <strong>toneh\u00f8jde-baseret<\/strong>og <strong>baseret p\u00e5 rayon<\/strong> fibre.<\/p><p>Valget afh\u00e6nger af anvendelsen, fra rumfart til sportsudstyr.<\/p><\/div>\n\t\t\t\t<\/div>\n\t\t\t\t\t\t\t\t<\/div>\n\t\t\t\t\t\t<\/div>\n\t\t\t\t<\/div>\n\t\t<div class=\"elementor-element elementor-element-65eb204c e-con-full e-flex e-con e-child\" data-id=\"65eb204c\" data-element_type=\"container\" data-e-type=\"container\">\n\t\t\t\t<div class=\"elementor-element elementor-element-449011a elementor-widget__width-inherit elementor-widget elementor-widget-toggle\" data-id=\"449011a\" data-element_type=\"widget\" data-e-type=\"widget\" data-widget_type=\"toggle.default\">\n\t\t\t\t\t\t\t<div class=\"elementor-toggle\">\n\t\t\t\t\t\t\t<div class=\"elementor-toggle-item\">\n\t\t\t\t\t<h6 id=\"elementor-tab-title-7181\" class=\"elementor-tab-title\" data-tab=\"1\" role=\"button\" aria-controls=\"elementor-tab-content-7181\" aria-expanded=\"false\">\n\t\t\t\t\t\t\t\t\t\t\t\t<a class=\"elementor-toggle-title\" tabindex=\"0\">Hvad er kulfiber?<\/a>\n\t\t\t\t\t<\/h6>\n\n\t\t\t\t\t<div id=\"elementor-tab-content-7181\" class=\"elementor-tab-content elementor-clearfix\" data-tab=\"1\" role=\"region\" aria-labelledby=\"elementor-tab-title-7181\"><p>Kulfiber er et materiale, der er kendt for to ting: Det er let, og det er st\u00e6rkt.<\/p><p>Det er lavet af kulstofatomer, der er bundet t\u00e6t sammen i krystaller, som ligger p\u00e5 linje i lange, tynde tr\u00e5de.<\/p><p>Forestil dig noget, der er st\u00e6rkere end st\u00e5l, men let nok til at sv\u00e6ve.<\/p><p>Det er derfor, det findes overalt i brancher, hvor der er meget p\u00e5 spil.<\/p><p>Folk bruger det til at bygge dele, der skal v\u00e6re st\u00e6rke under stress, men ikke tilf\u00f8je un\u00f8dvendig v\u00e6gt.<\/p><\/div>\n\t\t\t\t<\/div>\n\t\t\t\t\t\t\t\t<\/div>\n\t\t\t\t\t\t<\/div>\n\t\t\t\t<div class=\"elementor-element elementor-element-40f395da elementor-widget__width-inherit elementor-widget elementor-widget-toggle\" data-id=\"40f395da\" data-element_type=\"widget\" data-e-type=\"widget\" data-widget_type=\"toggle.default\">\n\t\t\t\t\t\t\t<div class=\"elementor-toggle\">\n\t\t\t\t\t\t\t<div class=\"elementor-toggle-item\">\n\t\t\t\t\t<h6 id=\"elementor-tab-title-1081\" class=\"elementor-tab-title\" data-tab=\"1\" role=\"button\" aria-controls=\"elementor-tab-content-1081\" aria-expanded=\"false\">\n\t\t\t\t\t\t\t\t\t\t\t\t<a class=\"elementor-toggle-title\" tabindex=\"0\">En hurtig historie om kulfiber<\/a>\n\t\t\t\t\t<\/h6>\n\n\t\t\t\t\t<div id=\"elementor-tab-content-1081\" class=\"elementor-tab-content elementor-clearfix\" data-tab=\"1\" role=\"region\" aria-labelledby=\"elementor-tab-title-1081\"><p>Den f\u00f8rste version af kulfiber startede i slutningen af 1800-tallet.<\/p><p>Det blev brugt i elp\u00e6rer!<\/p><p>I 1960'erne begyndte ingeni\u00f8rer at se dens potentiale ud over elektrisk brug.<\/p><p>Luft- og rumfart og h\u00f8jtydende biler hoppede med p\u00e5 vognen.<\/p><\/div>\n\t\t\t\t<\/div>\n\t\t\t\t\t\t\t\t<\/div>\n\t\t\t\t\t\t<\/div>\n\t\t\t\t<div class=\"elementor-element elementor-element-1c8f66a9 elementor-widget__width-inherit elementor-widget elementor-widget-toggle\" data-id=\"1c8f66a9\" data-element_type=\"widget\" data-e-type=\"widget\" data-widget_type=\"toggle.default\">\n\t\t\t\t\t\t\t<div class=\"elementor-toggle\">\n\t\t\t\t\t\t\t<div class=\"elementor-toggle-item\">\n\t\t\t\t\t<h6 id=\"elementor-tab-title-4791\" class=\"elementor-tab-title\" data-tab=\"1\" role=\"button\" aria-controls=\"elementor-tab-content-4791\" aria-expanded=\"false\">\n\t\t\t\t\t\t\t\t\t\t\t\t<a class=\"elementor-toggle-title\" tabindex=\"0\">Hvorfor er kulfiber s\u00e5 popul\u00e6rt?<\/a>\n\t\t\t\t\t<\/h6>\n\n\t\t\t\t\t<div id=\"elementor-tab-content-4791\" class=\"elementor-tab-content elementor-clearfix\" data-tab=\"1\" role=\"region\" aria-labelledby=\"elementor-tab-title-4791\"><p>Kulfiber er fem gange st\u00e6rkere end st\u00e5l.<\/p><p>Men den vejer kun en br\u00f8kdel af det.<\/p><p>Og det modst\u00e5r str\u00e6k, korroderer ikke og holder til varme.<\/p><p>Det har ogs\u00e5 en utrolig tr\u00e6thedsresistens, hvilket betyder, at det holder sin form og styrke selv efter mange \u00e5rs brug.<\/p><p>T\u00e6nk p\u00e5 fly, racerbiler og endda avanceret sportsudstyr - de har brug for noget, der kan holde uden ekstra v\u00e6gt eller masse.<\/p><\/div>\n\t\t\t\t<\/div>\n\t\t\t\t\t\t\t\t<\/div>\n\t\t\t\t\t\t<\/div>\n\t\t\t\t<div class=\"elementor-element elementor-element-6c51982c elementor-widget__width-inherit elementor-widget elementor-widget-toggle\" data-id=\"6c51982c\" data-element_type=\"widget\" data-e-type=\"widget\" data-widget_type=\"toggle.default\">\n\t\t\t\t\t\t\t<div class=\"elementor-toggle\">\n\t\t\t\t\t\t\t<div class=\"elementor-toggle-item\">\n\t\t\t\t\t<h6 id=\"elementor-tab-title-1811\" class=\"elementor-tab-title\" data-tab=\"1\" role=\"button\" aria-controls=\"elementor-tab-content-1811\" aria-expanded=\"false\">\n\t\t\t\t\t\t\t\t\t\t\t\t<a class=\"elementor-toggle-title\" tabindex=\"0\">Hvad er kulfiber og dets anvendelsesmuligheder?<\/a>\n\t\t\t\t\t<\/h6>\n\n\t\t\t\t\t<div id=\"elementor-tab-content-1811\" class=\"elementor-tab-content elementor-clearfix\" data-tab=\"1\" role=\"region\" aria-labelledby=\"elementor-tab-title-1811\"><p>Kulfiber er et letv\u00e6gtsmateriale med h\u00f8j styrke, som best\u00e5r af tynde kulstoftr\u00e5de, der er v\u00e6vet sammen og ofte indlejret i harpiks.<\/p><p>Dets egenskaber omfatter h\u00f8j tr\u00e6kstyrke, stivhed og modstandsdygtighed over for varme og kemikalier.<\/p><p>Anvendelserne sp\u00e6nder over rumfart, bilindustri, sportsudstyr, vindm\u00f8ller og medicinsk udstyr, og der l\u00e6gges v\u00e6gt p\u00e5 v\u00e6gtreduktion og holdbarhed i kritiske milj\u00f8er.<\/p><\/div>\n\t\t\t\t<\/div>\n\t\t\t\t\t\t\t\t<\/div>\n\t\t\t\t\t\t<\/div>\n\t\t\t\t<\/div>\n\t\t\t\t<\/div>\n\t\t\t\t<\/div>","protected":false},"excerpt":{"rendered":"<p>Hvordan fremstilles kulfiberprodukter?<\/p>","protected":false},"author":1,"featured_media":3027,"parent":0,"menu_order":0,"comment_status":"closed","ping_status":"closed","template":"","meta":{"footnotes":""},"class_list":["post-939","page","type-page","status-publish","has-post-thumbnail","hentry"],"_links":{"self":[{"href":"https:\/\/dycarbonfiber.com\/da\/wp-json\/wp\/v2\/pages\/939","targetHints":{"allow":["GET"]}}],"collection":[{"href":"https:\/\/dycarbonfiber.com\/da\/wp-json\/wp\/v2\/pages"}],"about":[{"href":"https:\/\/dycarbonfiber.com\/da\/wp-json\/wp\/v2\/types\/page"}],"author":[{"embeddable":true,"href":"https:\/\/dycarbonfiber.com\/da\/wp-json\/wp\/v2\/users\/1"}],"replies":[{"embeddable":true,"href":"https:\/\/dycarbonfiber.com\/da\/wp-json\/wp\/v2\/comments?post=939"}],"version-history":[{"count":30,"href":"https:\/\/dycarbonfiber.com\/da\/wp-json\/wp\/v2\/pages\/939\/revisions"}],"predecessor-version":[{"id":4776,"href":"https:\/\/dycarbonfiber.com\/da\/wp-json\/wp\/v2\/pages\/939\/revisions\/4776"}],"wp:featuredmedia":[{"embeddable":true,"href":"https:\/\/dycarbonfiber.com\/da\/wp-json\/wp\/v2\/media\/3027"}],"wp:attachment":[{"href":"https:\/\/dycarbonfiber.com\/da\/wp-json\/wp\/v2\/media?parent=939"}],"curies":[{"name":"wp","href":"https:\/\/api.w.org\/{rel}","templated":true}]}}