{"id":1832,"date":"2024-11-27T06:45:40","date_gmt":"2024-11-27T06:45:40","guid":{"rendered":"https:\/\/dycarbonfiber-com-838631.hostingersite.com\/?page_id=1832"},"modified":"2025-05-23T06:32:13","modified_gmt":"2025-05-23T06:32:13","slug":"industry-applications","status":"publish","type":"page","link":"https:\/\/dycarbonfiber.com\/es\/industry-applications\/","title":{"rendered":"Aplicaciones industriales"},"content":{"rendered":"<div data-elementor-type=\"wp-page\" data-elementor-id=\"1832\" class=\"elementor elementor-1832\" data-elementor-post-type=\"page\">\n\t\t\t\t<div class=\"elementor-element elementor-element-32af76d e-con-full e-flex e-con e-parent\" data-id=\"32af76d\" data-element_type=\"container\" data-e-type=\"container\">\n\t\t\t\t<div class=\"elementor-element elementor-element-6abb022 elementor-widget elementor-widget-heading\" data-id=\"6abb022\" data-element_type=\"widget\" data-e-type=\"widget\" data-widget_type=\"heading.default\">\n\t\t\t\t\t<h1 class=\"elementor-heading-title elementor-size-default\">Solicitudes y FAQ<\/h1>\t\t\t\t<\/div>\n\t\t\t\t<div class=\"elementor-element elementor-element-10be64c elementor-icon-list--layout-inline elementor-align-center elementor-list-item-link-full_width elementor-widget elementor-widget-icon-list\" data-id=\"10be64c\" data-element_type=\"widget\" data-e-type=\"widget\" data-widget_type=\"icon-list.default\">\n\t\t\t\t\t\t\t<ul class=\"elementor-icon-list-items elementor-inline-items\">\n\t\t\t\t\t\t\t<li class=\"elementor-icon-list-item elementor-inline-item\">\n\t\t\t\t\t\t\t\t\t\t\t<a href=\"https:\/\/dycarbonfiber.com\/es\">\n\n\t\t\t\t\t\t\t\t\t\t\t<span class=\"elementor-icon-list-text\">Inicio<\/span>\n\t\t\t\t\t\t\t\t\t\t\t<\/a>\n\t\t\t\t\t\t\t\t\t<\/li>\n\t\t\t\t\t\t\t\t<li class=\"elementor-icon-list-item elementor-inline-item\">\n\t\t\t\t\t\t\t\t\t\t\t<a href=\"https:\/\/dycarbonfiber.com\/es\/industry-applications\/\">\n\n\t\t\t\t\t\t\t\t\t\t\t\t<span class=\"elementor-icon-list-icon\">\n\t\t\t\t\t\t\t<svg aria-hidden=\"true\" class=\"e-font-icon-svg e-fas-angle-right\" viewbox=\"0 0 256 512\" xmlns=\"http:\/\/www.w3.org\/2000\/svg\"><path d=\"M224.3 273l-136 136c-9.4 9.4-24.6 9.4-33.9 0l-22.6-22.6c-9.4-9.4-9.4-24.6 0-33.9l96.4-96.4-96.4-96.4c-9.4-9.4-9.4-24.6 0-33.9L54.3 103c9.4-9.4 24.6-9.4 33.9 0l136 136c9.5 9.4 9.5 24.6.1 34z\"><\/path><\/svg>\t\t\t\t\t\t<\/span>\n\t\t\t\t\t\t\t\t\t\t<span class=\"elementor-icon-list-text\">Aplicaciones<\/span>\n\t\t\t\t\t\t\t\t\t\t\t<\/a>\n\t\t\t\t\t\t\t\t\t<\/li>\n\t\t\t\t\t\t\t\t<li class=\"elementor-icon-list-item elementor-inline-item\">\n\t\t\t\t\t\t\t\t\t\t\t<a href=\"https:\/\/dycarbonfiber.com\/es\/carbon-fiber-tube-faq\/\">\n\n\t\t\t\t\t\t\t\t\t\t\t\t<span class=\"elementor-icon-list-icon\">\n\t\t\t\t\t\t\t<svg aria-hidden=\"true\" class=\"e-font-icon-svg e-fas-angle-right\" viewbox=\"0 0 256 512\" xmlns=\"http:\/\/www.w3.org\/2000\/svg\"><path d=\"M224.3 273l-136 136c-9.4 9.4-24.6 9.4-33.9 0l-22.6-22.6c-9.4-9.4-9.4-24.6 0-33.9l96.4-96.4-96.4-96.4c-9.4-9.4-9.4-24.6 0-33.9L54.3 103c9.4-9.4 24.6-9.4 33.9 0l136 136c9.5 9.4 9.5 24.6.1 34z\"><\/path><\/svg>\t\t\t\t\t\t<\/span>\n\t\t\t\t\t\t\t\t\t\t<span class=\"elementor-icon-list-text\">FAQ - Tubos de fibra de carbono<\/span>\n\t\t\t\t\t\t\t\t\t\t\t<\/a>\n\t\t\t\t\t\t\t\t\t<\/li>\n\t\t\t\t\t\t\t\t<li class=\"elementor-icon-list-item elementor-inline-item\">\n\t\t\t\t\t\t\t\t\t\t\t<a href=\"https:\/\/dycarbonfiber.com\/es\/carbon-fiber-sheets-faq\/\">\n\n\t\t\t\t\t\t\t\t\t\t\t\t<span class=\"elementor-icon-list-icon\">\n\t\t\t\t\t\t\t<svg aria-hidden=\"true\" class=\"e-font-icon-svg e-fas-angle-right\" viewbox=\"0 0 256 512\" xmlns=\"http:\/\/www.w3.org\/2000\/svg\"><path d=\"M224.3 273l-136 136c-9.4 9.4-24.6 9.4-33.9 0l-22.6-22.6c-9.4-9.4-9.4-24.6 0-33.9l96.4-96.4-96.4-96.4c-9.4-9.4-9.4-24.6 0-33.9L54.3 103c9.4-9.4 24.6-9.4 33.9 0l136 136c9.5 9.4 9.5 24.6.1 34z\"><\/path><\/svg>\t\t\t\t\t\t<\/span>\n\t\t\t\t\t\t\t\t\t\t<span class=\"elementor-icon-list-text\">FAQ - Planchas de fibra de carbono<\/span>\n\t\t\t\t\t\t\t\t\t\t\t<\/a>\n\t\t\t\t\t\t\t\t\t<\/li>\n\t\t\t\t\t\t<\/ul>\n\t\t\t\t\t\t<\/div>\n\t\t\t\t<\/div>\n\t\t\t\t<section class=\"elementor-section elementor-top-section elementor-element elementor-element-147487e0 elementor-section-content-middle elementor-section-boxed elementor-section-height-default elementor-section-height-default\" data-id=\"147487e0\" data-element_type=\"section\" data-e-type=\"section\" data-settings=\"{&quot;background_background&quot;:&quot;classic&quot;}\">\n\t\t\t\t\t\t\t<div class=\"elementor-background-overlay\"><\/div>\n\t\t\t\t\t\t\t<div class=\"elementor-container elementor-column-gap-no\">\n\t\t\t\t\t<div class=\"elementor-column elementor-col-100 elementor-top-column elementor-element elementor-element-6a58feae\" data-id=\"6a58feae\" data-element_type=\"column\" data-e-type=\"column\">\n\t\t\t<div class=\"elementor-widget-wrap elementor-element-populated\">\n\t\t\t\t\t\t<div class=\"elementor-element elementor-element-139f019e elementor-widget__width-initial elementor-widget-mobile__width-inherit elementor-widget elementor-widget-heading\" data-id=\"139f019e\" data-element_type=\"widget\" data-e-type=\"widget\" data-widget_type=\"heading.default\">\n\t\t\t\t\t<h2 class=\"elementor-heading-title elementor-size-default\">Aplicaciones y soluciones industriales<\/h2>\t\t\t\t<\/div>\n\t\t\t\t<div class=\"elementor-element elementor-element-53a58c9a elementor-widget__width-initial elementor-widget-mobile__width-inherit elementor-widget elementor-widget-text-editor\" data-id=\"53a58c9a\" data-element_type=\"widget\" data-e-type=\"widget\" data-widget_type=\"text-editor.default\">\n\t\t\t\t\t\t\t\t\t<h4>CarbonCore Dynamics proporciona servicios personalizados no est\u00e1ndar para diversas industrias.<\/h4>\t\t\t\t\t\t\t\t<\/div>\n\t\t\t\t<div class=\"elementor-element elementor-element-309cc1f1 elementor-widget elementor-widget-image\" data-id=\"309cc1f1\" data-element_type=\"widget\" data-e-type=\"widget\" data-widget_type=\"image.default\">\n\t\t\t\t\t\t\t\t\t\t\t\t\t\t\t<img decoding=\"async\" src=\"https:\/\/dycarbonfiber.com\/wp-content\/uploads\/elementor\/thumbs\/Carbon-Fiber-Tube-banner1-rcaw0mwfv0gmv1m1oyfsbwtnb0556atadi5aejw2h4.jpg\" title=\"Bandera de fibra de carbono1\" alt=\"alt=&quot;fibra de carbono utilizada en componentes estructurales aeroespaciales&quot;\" loading=\"lazy\" \/>\t\t\t\t\t\t\t\t\t\t\t\t\t\t\t<\/div>\n\t\t\t\t\t<\/div>\n\t\t<\/div>\n\t\t\t\t\t<\/div>\n\t\t<\/section>\n\t\t\t\t<section class=\"elementor-section elementor-top-section elementor-element elementor-element-62a02c5f elementor-section-height-min-height elementor-section-boxed elementor-section-height-default elementor-section-items-middle\" data-id=\"62a02c5f\" data-element_type=\"section\" data-e-type=\"section\">\n\t\t\t\t\t\t<div class=\"elementor-container elementor-column-gap-no\">\n\t\t\t\t\t<div class=\"elementor-column elementor-col-100 elementor-top-column elementor-element elementor-element-305404cc\" data-id=\"305404cc\" data-element_type=\"column\" data-e-type=\"column\">\n\t\t\t<div class=\"elementor-widget-wrap elementor-element-populated\">\n\t\t\t\t\t\t<section class=\"elementor-section elementor-inner-section elementor-element elementor-element-43145c09 elementor-section-boxed elementor-section-height-default elementor-section-height-default\" data-id=\"43145c09\" data-element_type=\"section\" data-e-type=\"section\">\n\t\t\t\t\t\t<div class=\"elementor-container elementor-column-gap-no\">\n\t\t\t\t\t<div class=\"elementor-column elementor-col-100 elementor-inner-column elementor-element elementor-element-3bb35bb9\" data-id=\"3bb35bb9\" data-element_type=\"column\" data-e-type=\"column\">\n\t\t\t<div class=\"elementor-widget-wrap elementor-element-populated\">\n\t\t\t\t\t\t<div class=\"elementor-element elementor-element-ee30675 elementor-widget elementor-widget-heading\" data-id=\"ee30675\" data-element_type=\"widget\" data-e-type=\"widget\" data-widget_type=\"heading.default\">\n\t\t\t\t\t<h2 class=\"elementor-heading-title elementor-size-default\">Aplicaciones industriales<\/h2>\t\t\t\t<\/div>\n\t\t\t\t<div class=\"elementor-element elementor-element-5fea7921 elementor-widget__width-auto elementor-widget elementor-widget-text-editor\" data-id=\"5fea7921\" data-element_type=\"widget\" data-e-type=\"widget\" data-widget_type=\"text-editor.default\">\n\t\t\t\t\t\t\t\t\t<p>&nbsp; El pol\u00edmero reforzado con fibra de carbono (CFRP) tiene una densidad de 1,7 g\/cm\u00b3, lo que supone 30% menos que el aluminio y al menos 75% menos que el acero. Su resistencia a la tracci\u00f3n axial es varias veces superior a la del acero. El CFRP no es sensible a la temperatura, con un coeficiente de dilataci\u00f3n t\u00e9rmica cercano a cero. Ofrece buena resistencia a la intemperie y a la corrosi\u00f3n, excelente resistencia a la fatiga, alta transparencia a los rayos X y buena permeabilidad ac\u00fastica. El uso de CFRP para fabricar componentes no s\u00f3lo reduce el peso, sino que tambi\u00e9n contribuye al ahorro de energ\u00eda, la reducci\u00f3n de emisiones, el aumento de la velocidad y la producci\u00f3n, la mejora de la calidad del producto, la reducci\u00f3n del desgaste y la prolongaci\u00f3n de la vida \u00fatil de los equipos, por lo que es ampliamente aplicable en diversas industrias.&nbsp;&nbsp;<\/p>\t\t\t\t\t\t\t\t<\/div>\n\t\t\t\t\t<\/div>\n\t\t<\/div>\n\t\t\t\t\t<\/div>\n\t\t<\/section>\n\t\t\t\t<section class=\"elementor-section elementor-inner-section elementor-element elementor-element-373438ba elementor-section-boxed elementor-section-height-default elementor-section-height-default\" data-id=\"373438ba\" data-element_type=\"section\" data-e-type=\"section\">\n\t\t\t\t\t\t<div class=\"elementor-container elementor-column-gap-no\">\n\t\t\t\t\t<div class=\"elementor-column elementor-col-25 elementor-inner-column elementor-element elementor-element-7d3ae5cf\" data-id=\"7d3ae5cf\" data-element_type=\"column\" data-e-type=\"column\" data-settings=\"{&quot;background_background&quot;:&quot;classic&quot;}\">\n\t\t\t<div class=\"elementor-widget-wrap elementor-element-populated\">\n\t\t\t\t\t\t<div class=\"elementor-element elementor-element-244438b8 elementor-widget elementor-widget-image\" data-id=\"244438b8\" data-element_type=\"widget\" data-e-type=\"widget\" data-widget_type=\"image.default\">\n\t\t\t\t\t\t\t\t\t\t\t\t\t\t\t<img decoding=\"async\" width=\"266\" height=\"157\" src=\"https:\/\/dycarbonfiber.com\/wp-content\/uploads\/2024\/11\/\u5fae\u4fe1\u622a\u56fe_20241127115345.jpg\" class=\"attachment-large size-large wp-image-1806\" alt=\"Espacio y aeroespacial\" \/>\t\t\t\t\t\t\t\t\t\t\t\t\t\t\t<\/div>\n\t\t\t\t<div class=\"elementor-element elementor-element-40343bf0 elementor-widget elementor-widget-image-box\" data-id=\"40343bf0\" data-element_type=\"widget\" data-e-type=\"widget\" data-widget_type=\"image-box.default\">\n\t\t\t\t\t<div class=\"elementor-image-box-wrapper\"><div class=\"elementor-image-box-content\"><h5 class=\"elementor-image-box-title\">Espacio y aeroespacial<\/h5><\/div><\/div>\t\t\t\t<\/div>\n\t\t\t\t\t<\/div>\n\t\t<\/div>\n\t\t\t\t<div class=\"elementor-column elementor-col-25 elementor-inner-column elementor-element elementor-element-6c5a687f\" data-id=\"6c5a687f\" data-element_type=\"column\" data-e-type=\"column\" data-settings=\"{&quot;background_background&quot;:&quot;classic&quot;}\">\n\t\t\t<div class=\"elementor-widget-wrap elementor-element-populated\">\n\t\t\t\t\t\t<div class=\"elementor-element elementor-element-158a323b elementor-widget elementor-widget-image\" data-id=\"158a323b\" data-element_type=\"widget\" data-e-type=\"widget\" data-widget_type=\"image.default\">\n\t\t\t\t\t\t\t\t\t\t\t\t\t\t\t\t<a href=\"https:\/\/dycarbonfiber.com\/es\/productos-de-fibra-de-carbono-para-integracion-militar-una-guia-completa\/\">\n\t\t\t\t\t\t\t<img decoding=\"async\" width=\"272\" height=\"161\" src=\"https:\/\/dycarbonfiber.com\/wp-content\/uploads\/2024\/11\/\u5fae\u4fe1\u622a\u56fe_20241127115337.jpg\" class=\"attachment-large size-large wp-image-1807\" alt=\"Integraci\u00f3n civil-militar\" \/>\t\t\t\t\t\t\t\t<\/a>\n\t\t\t\t\t\t\t\t\t\t\t\t\t\t\t<\/div>\n\t\t\t\t<div class=\"elementor-element elementor-element-2da45856 elementor-widget elementor-widget-image-box\" data-id=\"2da45856\" data-element_type=\"widget\" data-e-type=\"widget\" data-widget_type=\"image-box.default\">\n\t\t\t\t\t<div class=\"elementor-image-box-wrapper\"><div class=\"elementor-image-box-content\"><h5 class=\"elementor-image-box-title\"><a href=\"https:\/\/dycarbonfiber.com\/es\/productos-de-fibra-de-carbono-para-integracion-militar-una-guia-completa\/\">Integraci\u00f3n militar<\/a><\/h5><\/div><\/div>\t\t\t\t<\/div>\n\t\t\t\t\t<\/div>\n\t\t<\/div>\n\t\t\t\t<div class=\"elementor-column elementor-col-25 elementor-inner-column elementor-element elementor-element-3d512ad0\" data-id=\"3d512ad0\" data-element_type=\"column\" data-e-type=\"column\" data-settings=\"{&quot;background_background&quot;:&quot;classic&quot;}\">\n\t\t\t<div class=\"elementor-widget-wrap elementor-element-populated\">\n\t\t\t\t\t\t<div class=\"elementor-element elementor-element-1b1460e5 elementor-widget elementor-widget-image\" data-id=\"1b1460e5\" data-element_type=\"widget\" data-e-type=\"widget\" data-widget_type=\"image.default\">\n\t\t\t\t\t\t\t\t\t\t\t\t\t\t\t\t<a href=\"https:\/\/dycarbonfiber.com\/es\/how-to-choose-the-best-carbon-fibre-tube-for-an-application\/\">\n\t\t\t\t\t\t\t<img decoding=\"async\" width=\"266\" height=\"162\" src=\"https:\/\/dycarbonfiber.com\/wp-content\/uploads\/2024\/11\/\u5fae\u4fe1\u622a\u56fe_20241127115354.jpg\" class=\"attachment-large size-large wp-image-1805\" alt=\"Automatizaci\u00f3n industrial\" \/>\t\t\t\t\t\t\t\t<\/a>\n\t\t\t\t\t\t\t\t\t\t\t\t\t\t\t<\/div>\n\t\t\t\t<div class=\"elementor-element elementor-element-53b26bca elementor-widget elementor-widget-image-box\" data-id=\"53b26bca\" data-element_type=\"widget\" data-e-type=\"widget\" data-widget_type=\"image-box.default\">\n\t\t\t\t\t<div class=\"elementor-image-box-wrapper\"><div class=\"elementor-image-box-content\"><h5 class=\"elementor-image-box-title\"><a href=\"https:\/\/dycarbonfiber.com\/es\/how-to-choose-the-best-carbon-fibre-tube-for-an-application\/\">Automatizaci\u00f3n industrial<\/a><\/h5><\/div><\/div>\t\t\t\t<\/div>\n\t\t\t\t\t<\/div>\n\t\t<\/div>\n\t\t\t\t<div class=\"elementor-column elementor-col-25 elementor-inner-column elementor-element elementor-element-6bb3ae5b\" data-id=\"6bb3ae5b\" data-element_type=\"column\" data-e-type=\"column\" data-settings=\"{&quot;background_background&quot;:&quot;classic&quot;}\">\n\t\t\t<div class=\"elementor-widget-wrap elementor-element-populated\">\n\t\t\t\t\t\t<div class=\"elementor-element elementor-element-3415f8b3 elementor-widget elementor-widget-image\" data-id=\"3415f8b3\" data-element_type=\"widget\" data-e-type=\"widget\" data-widget_type=\"image.default\">\n\t\t\t\t\t\t\t\t\t\t\t\t\t\t\t\t<a href=\"https:\/\/dycarbonfiber.com\/es\/carbon-fiber-tube-for-offshore-equipment-the-ultimate-guide\/\">\n\t\t\t\t\t\t\t<img loading=\"lazy\" decoding=\"async\" width=\"262\" height=\"157\" src=\"https:\/\/dycarbonfiber.com\/wp-content\/uploads\/2024\/11\/\u5fae\u4fe1\u622a\u56fe_20241127115401.jpg\" class=\"attachment-large size-large wp-image-1804\" alt=\"Equipos de ingenier\u00eda offshore\" \/>\t\t\t\t\t\t\t\t<\/a>\n\t\t\t\t\t\t\t\t\t\t\t\t\t\t\t<\/div>\n\t\t\t\t<div class=\"elementor-element elementor-element-4abf8f17 elementor-widget elementor-widget-image-box\" data-id=\"4abf8f17\" data-element_type=\"widget\" data-e-type=\"widget\" data-widget_type=\"image-box.default\">\n\t\t\t\t\t<div class=\"elementor-image-box-wrapper\"><div class=\"elementor-image-box-content\"><h5 class=\"elementor-image-box-title\"><a href=\"https:\/\/dycarbonfiber.com\/es\/carbon-fiber-tube-for-offshore-equipment-the-ultimate-guide\/\">Equipos de alta mar<\/a><\/h5><\/div><\/div>\t\t\t\t<\/div>\n\t\t\t\t\t<\/div>\n\t\t<\/div>\n\t\t\t\t\t<\/div>\n\t\t<\/section>\n\t\t\t\t<section class=\"elementor-section elementor-inner-section elementor-element elementor-element-64b32889 elementor-section-boxed elementor-section-height-default elementor-section-height-default\" data-id=\"64b32889\" data-element_type=\"section\" data-e-type=\"section\">\n\t\t\t\t\t\t<div class=\"elementor-container elementor-column-gap-no\">\n\t\t\t\t\t<div class=\"elementor-column elementor-col-25 elementor-inner-column elementor-element elementor-element-69f297e6\" data-id=\"69f297e6\" data-element_type=\"column\" data-e-type=\"column\" data-settings=\"{&quot;background_background&quot;:&quot;classic&quot;}\">\n\t\t\t<div class=\"elementor-widget-wrap elementor-element-populated\">\n\t\t\t\t\t\t<div class=\"elementor-element elementor-element-273431be elementor-widget elementor-widget-image\" data-id=\"273431be\" data-element_type=\"widget\" data-e-type=\"widget\" data-widget_type=\"image.default\">\n\t\t\t\t\t\t\t\t\t\t\t\t\t\t\t<img loading=\"lazy\" decoding=\"async\" width=\"262\" height=\"159\" src=\"https:\/\/dycarbonfiber.com\/wp-content\/uploads\/2024\/11\/\u5fae\u4fe1\u622a\u56fe_20241127115408.jpg\" class=\"attachment-large size-large wp-image-1803\" alt=\"Transporte ferroviario\" \/>\t\t\t\t\t\t\t\t\t\t\t\t\t\t\t<\/div>\n\t\t\t\t<div class=\"elementor-element elementor-element-103a9426 elementor-widget elementor-widget-image-box\" data-id=\"103a9426\" data-element_type=\"widget\" data-e-type=\"widget\" data-widget_type=\"image-box.default\">\n\t\t\t\t\t<div class=\"elementor-image-box-wrapper\"><div class=\"elementor-image-box-content\"><h5 class=\"elementor-image-box-title\">Transporte ferroviario<\/h5><\/div><\/div>\t\t\t\t<\/div>\n\t\t\t\t\t<\/div>\n\t\t<\/div>\n\t\t\t\t<div class=\"elementor-column elementor-col-25 elementor-inner-column elementor-element elementor-element-78666bbb\" data-id=\"78666bbb\" data-element_type=\"column\" data-e-type=\"column\" data-settings=\"{&quot;background_background&quot;:&quot;classic&quot;}\">\n\t\t\t<div class=\"elementor-widget-wrap elementor-element-populated\">\n\t\t\t\t\t\t<div class=\"elementor-element elementor-element-738809e1 elementor-widget elementor-widget-image\" data-id=\"738809e1\" data-element_type=\"widget\" data-e-type=\"widget\" data-widget_type=\"image.default\">\n\t\t\t\t\t\t\t\t\t\t\t\t\t\t\t<img loading=\"lazy\" decoding=\"async\" width=\"284\" height=\"170\" src=\"https:\/\/dycarbonfiber.com\/wp-content\/uploads\/2024\/11\/122.jpg\" class=\"attachment-large size-large wp-image-1830\" alt=\"Productos sanitarios\" \/>\t\t\t\t\t\t\t\t\t\t\t\t\t\t\t<\/div>\n\t\t\t\t<div class=\"elementor-element elementor-element-1eb886ff elementor-widget elementor-widget-image-box\" data-id=\"1eb886ff\" data-element_type=\"widget\" data-e-type=\"widget\" data-widget_type=\"image-box.default\">\n\t\t\t\t\t<div class=\"elementor-image-box-wrapper\"><div class=\"elementor-image-box-content\"><h5 class=\"elementor-image-box-title\">Productos sanitarios<\/h5><\/div><\/div>\t\t\t\t<\/div>\n\t\t\t\t\t<\/div>\n\t\t<\/div>\n\t\t\t\t<div class=\"elementor-column elementor-col-25 elementor-inner-column elementor-element elementor-element-1308438f\" data-id=\"1308438f\" data-element_type=\"column\" data-e-type=\"column\" data-settings=\"{&quot;background_background&quot;:&quot;classic&quot;}\">\n\t\t\t<div class=\"elementor-widget-wrap elementor-element-populated\">\n\t\t\t\t\t\t<div class=\"elementor-element elementor-element-195d245a elementor-widget elementor-widget-image\" data-id=\"195d245a\" data-element_type=\"widget\" data-e-type=\"widget\" data-widget_type=\"image.default\">\n\t\t\t\t\t\t\t\t\t\t\t\t\t\t\t\t<a href=\"https:\/\/dycarbonfiber.com\/es\/how-to-manufacture-carbon-fiber-parts\/\">\n\t\t\t\t\t\t\t<img loading=\"lazy\" decoding=\"async\" width=\"271\" height=\"157\" src=\"https:\/\/dycarbonfiber.com\/wp-content\/uploads\/2024\/11\/\u5fae\u4fe1\u622a\u56fe_20241127115420.jpg\" class=\"attachment-large size-large wp-image-1801\" alt=\"Componentes ligeros para autom\u00f3viles\" \/>\t\t\t\t\t\t\t\t<\/a>\n\t\t\t\t\t\t\t\t\t\t\t\t\t\t\t<\/div>\n\t\t\t\t<div class=\"elementor-element elementor-element-66ff23b1 elementor-widget elementor-widget-image-box\" data-id=\"66ff23b1\" data-element_type=\"widget\" data-e-type=\"widget\" data-widget_type=\"image-box.default\">\n\t\t\t\t\t<div class=\"elementor-image-box-wrapper\"><div class=\"elementor-image-box-content\"><h5 class=\"elementor-image-box-title\"><a href=\"https:\/\/dycarbonfiber.com\/es\/how-to-manufacture-carbon-fiber-parts\/\">Componentes de automoci\u00f3n<\/a><\/h5><\/div><\/div>\t\t\t\t<\/div>\n\t\t\t\t\t<\/div>\n\t\t<\/div>\n\t\t\t\t<div class=\"elementor-column elementor-col-25 elementor-inner-column elementor-element elementor-element-37992404\" data-id=\"37992404\" data-element_type=\"column\" data-e-type=\"column\" data-settings=\"{&quot;background_background&quot;:&quot;classic&quot;}\">\n\t\t\t<div class=\"elementor-widget-wrap elementor-element-populated\">\n\t\t\t\t\t\t<div class=\"elementor-element elementor-element-28e35f0a elementor-widget elementor-widget-image\" data-id=\"28e35f0a\" data-element_type=\"widget\" data-e-type=\"widget\" data-widget_type=\"image.default\">\n\t\t\t\t\t\t\t\t\t\t\t\t\t\t\t\t<a href=\"https:\/\/dycarbonfiber.com\/es\/what-can-carbon-fiber-tubes-be-made-into\/\">\n\t\t\t\t\t\t\t<img loading=\"lazy\" decoding=\"async\" width=\"270\" height=\"155\" src=\"https:\/\/dycarbonfiber.com\/wp-content\/uploads\/2024\/11\/\u5fae\u4fe1\u622a\u56fe_20241127115426.jpg\" class=\"attachment-large size-large wp-image-1800\" alt=\"equipamiento deportivo\" \/>\t\t\t\t\t\t\t\t<\/a>\n\t\t\t\t\t\t\t\t\t\t\t\t\t\t\t<\/div>\n\t\t\t\t<div class=\"elementor-element elementor-element-e0c1906 elementor-widget elementor-widget-image-box\" data-id=\"e0c1906\" data-element_type=\"widget\" data-e-type=\"widget\" data-widget_type=\"image-box.default\">\n\t\t\t\t\t<div class=\"elementor-image-box-wrapper\"><div class=\"elementor-image-box-content\"><h5 class=\"elementor-image-box-title\"><a href=\"https:\/\/dycarbonfiber.com\/es\/what-can-carbon-fiber-tubes-be-made-into\/\">Equipamiento deportivo<\/a><\/h5><\/div><\/div>\t\t\t\t<\/div>\n\t\t\t\t\t<\/div>\n\t\t<\/div>\n\t\t\t\t\t<\/div>\n\t\t<\/section>\n\t\t\t\t\t<\/div>\n\t\t<\/div>\n\t\t\t\t\t<\/div>\n\t\t<\/section>\n\t\t\t\t<\/div>","protected":false},"excerpt":{"rendered":"<p>Applications &amp; FAQ Home Applications FAQ \u2013 Carbon Fiber Tubes FAQ \u2013 Carbon Fiber Sheets Industry Applications and Solutions CarbonCore Dynamics provide non-standard customized services for various industries. Industry Applications &nbsp; Carbon Fiber Reinforced Polymer (CFRP) has a density of 1.7g\/cm\u00b3, which is 30% lighter than aluminum and at least 75% lighter than steel. Its [&hellip;]<\/p>","protected":false},"author":1,"featured_media":4133,"parent":0,"menu_order":0,"comment_status":"closed","ping_status":"closed","template":"","meta":{"footnotes":""},"class_list":["post-1832","page","type-page","status-publish","has-post-thumbnail","hentry"],"_links":{"self":[{"href":"https:\/\/dycarbonfiber.com\/es\/wp-json\/wp\/v2\/pages\/1832","targetHints":{"allow":["GET"]}}],"collection":[{"href":"https:\/\/dycarbonfiber.com\/es\/wp-json\/wp\/v2\/pages"}],"about":[{"href":"https:\/\/dycarbonfiber.com\/es\/wp-json\/wp\/v2\/types\/page"}],"author":[{"embeddable":true,"href":"https:\/\/dycarbonfiber.com\/es\/wp-json\/wp\/v2\/users\/1"}],"replies":[{"embeddable":true,"href":"https:\/\/dycarbonfiber.com\/es\/wp-json\/wp\/v2\/comments?post=1832"}],"version-history":[{"count":58,"href":"https:\/\/dycarbonfiber.com\/es\/wp-json\/wp\/v2\/pages\/1832\/revisions"}],"predecessor-version":[{"id":4191,"href":"https:\/\/dycarbonfiber.com\/es\/wp-json\/wp\/v2\/pages\/1832\/revisions\/4191"}],"wp:featuredmedia":[{"embeddable":true,"href":"https:\/\/dycarbonfiber.com\/es\/wp-json\/wp\/v2\/media\/4133"}],"wp:attachment":[{"href":"https:\/\/dycarbonfiber.com\/es\/wp-json\/wp\/v2\/media?parent=1832"}],"curies":[{"name":"wp","href":"https:\/\/api.w.org\/{rel}","templated":true}]}}