{"id":939,"date":"2024-09-30T06:53:01","date_gmt":"2024-09-30T06:53:01","guid":{"rendered":"https:\/\/dycarbonfiber-com-838631.hostingersite.com\/about\/"},"modified":"2026-01-16T01:48:06","modified_gmt":"2026-01-16T01:48:06","slug":"about-us","status":"publish","type":"page","link":"https:\/\/dycarbonfiber.com\/es\/about-us\/","title":{"rendered":"Qui\u00e9nes somos"},"content":{"rendered":"<div data-elementor-type=\"wp-page\" data-elementor-id=\"939\" class=\"elementor elementor-939\" data-elementor-post-type=\"page\">\n\t\t\t\t<div class=\"elementor-element elementor-element-124ed76e e-flex e-con-boxed e-con e-parent\" data-id=\"124ed76e\" data-element_type=\"container\" data-e-type=\"container\">\n\t\t\t\t\t<div class=\"e-con-inner\">\n\t\t<div class=\"elementor-element elementor-element-50b6673b e-con-full e-flex e-con e-child\" data-id=\"50b6673b\" data-element_type=\"container\" data-e-type=\"container\">\n\t\t\t\t<div class=\"elementor-element elementor-element-29313c5d elementor-widget elementor-widget-heading\" data-id=\"29313c5d\" data-element_type=\"widget\" data-e-type=\"widget\" data-widget_type=\"heading.default\">\n\t\t\t\t\t<h1 class=\"elementor-heading-title elementor-size-default\">Perfil de la empresa,<br><b>Qui\u00e9nes somos<\/b><\/h1>\t\t\t\t<\/div>\n\t\t\t\t<div class=\"elementor-element elementor-element-54a2e75c elementor-widget-divider--view-line elementor-widget elementor-widget-divider\" data-id=\"54a2e75c\" data-element_type=\"widget\" data-e-type=\"widget\" data-widget_type=\"divider.default\">\n\t\t\t\t\t\t\t<div class=\"elementor-divider\">\n\t\t\t<span class=\"elementor-divider-separator\">\n\t\t\t\t\t\t<\/span>\n\t\t<\/div>\n\t\t\t\t\t\t<\/div>\n\t\t\t\t<div class=\"elementor-element elementor-element-24716e94 elementor-widget elementor-widget-text-editor\" data-id=\"24716e94\" data-element_type=\"widget\" data-e-type=\"widget\" data-widget_type=\"text-editor.default\">\n\t\t\t\t\t\t\t\t\t<p style=\"text-align: left;\"><strong>Din\u00e1mica CarbonCore<\/strong> es un fabricante mundial de productos de material compuesto de fibra de carbono y se dedica a convertirse en un proveedor de primera clase mundial de productos de fibra de carbono y servicio. Jinming fundada en 2010, ha estado creciendo durante casi 15 a\u00f1os. Desde su creaci\u00f3n, nuestra empresa se ha adherido a la filosof\u00eda empresarial de \"orientado a la demanda del cliente y orientado a la calidad\" para proporcionar servicios de calidad de forma sostenible para la innovaci\u00f3n de la industria de materiales compuestos.<\/p>\t\t\t\t\t\t\t\t<\/div>\n\t\t\t\t<div class=\"elementor-element elementor-element-684d89fc elementor-tablet-align-center elementor-invisible elementor-widget elementor-widget-button\" data-id=\"684d89fc\" data-element_type=\"widget\" data-e-type=\"widget\" data-settings=\"{&quot;_animation&quot;:&quot;fadeInLeft&quot;}\" data-widget_type=\"button.default\">\n\t\t\t\t\t\t\t\t\t\t<a class=\"elementor-button elementor-button-link elementor-size-sm elementor-animation-shrink\" href=\"#elementor-action%3Aaction%3Dpopup%3Aopen%26settings%3DeyJpZCI6IjE5NjMiLCJ0b2dnbGUiOmZhbHNlfQ%3D%3D\">\n\t\t\t\t\t\t<span class=\"elementor-button-content-wrapper\">\n\t\t\t\t\t\t\t\t\t<span class=\"elementor-button-text\">Presupuesto r\u00e1pido<\/span>\n\t\t\t\t\t<\/span>\n\t\t\t\t\t<\/a>\n\t\t\t\t\t\t\t\t<\/div>\n\t\t\t\t<\/div>\n\t\t<div class=\"elementor-element elementor-element-ddb0333 e-con-full e-flex e-con e-child\" data-id=\"ddb0333\" data-element_type=\"container\" data-e-type=\"container\" data-settings=\"{&quot;background_background&quot;:&quot;classic&quot;,&quot;background_motion_fx_motion_fx_scrolling&quot;:&quot;yes&quot;,&quot;background_motion_fx_scale_effect&quot;:&quot;yes&quot;,&quot;background_motion_fx_scale_range&quot;:{&quot;unit&quot;:&quot;%&quot;,&quot;size&quot;:&quot;&quot;,&quot;sizes&quot;:{&quot;start&quot;:50,&quot;end&quot;:100}},&quot;background_motion_fx_scale_direction&quot;:&quot;out-in&quot;,&quot;background_motion_fx_scale_speed&quot;:{&quot;unit&quot;:&quot;px&quot;,&quot;size&quot;:4,&quot;sizes&quot;:[]},&quot;background_motion_fx_devices&quot;:[&quot;desktop&quot;,&quot;tablet&quot;,&quot;mobile&quot;]}\">\n\t\t\t\t<\/div>\n\t\t\t\t\t<\/div>\n\t\t\t\t<\/div>\n\t\t<div class=\"elementor-element elementor-element-7fcb10b0 e-flex e-con-boxed e-con e-parent\" data-id=\"7fcb10b0\" data-element_type=\"container\" data-e-type=\"container\" data-settings=\"{&quot;background_background&quot;:&quot;gradient&quot;}\">\n\t\t\t\t\t<div class=\"e-con-inner\">\n\t\t<div class=\"elementor-element elementor-element-423d12be e-con-full e-flex e-con e-child\" data-id=\"423d12be\" data-element_type=\"container\" data-e-type=\"container\">\n\t\t\t\t<div class=\"elementor-element elementor-element-5ea168d0 elementor-widget-tablet__width-inherit elementor-cta--skin-classic elementor-animated-content elementor-bg-transform elementor-bg-transform-zoom-in elementor-widget elementor-widget-call-to-action\" data-id=\"5ea168d0\" data-element_type=\"widget\" data-e-type=\"widget\" data-widget_type=\"call-to-action.default\">\n\t\t\t\t\t\t\t<div class=\"elementor-cta\">\r\n\t\t\t\t\t<div class=\"elementor-cta__bg-wrapper\">\r\n\t\t\t\t<div class=\"elementor-cta__bg elementor-bg\" style=\"background-image: url(https:\/\/dycarbonfiber.com\/wp-content\/uploads\/2024\/11\/Carbon-Fiber-CNC-Parts001.jpg);\" role=\"img\" aria-label=\"Tubo de fibra de carbono\"><\/div>\r\n\t\t\t\t<div class=\"elementor-cta__bg-overlay\"><\/div>\r\n\t\t\t<\/div>\r\n\t\t\t\t\t\t\t\t<\/div>\r\n\t\t\t\t\t\t<\/div>\n\t\t\t\t<div class=\"elementor-element elementor-element-b0eed51 elementor-widget__width-initial elementor-absolute elementor-widget elementor-widget-spacer\" data-id=\"b0eed51\" data-element_type=\"widget\" data-e-type=\"widget\" data-settings=\"{&quot;_position&quot;:&quot;absolute&quot;}\" data-widget_type=\"spacer.default\">\n\t\t\t\t\t\t\t<div class=\"elementor-spacer\">\n\t\t\t<div class=\"elementor-spacer-inner\"><\/div>\n\t\t<\/div>\n\t\t\t\t\t\t<\/div>\n\t\t\t\t<\/div>\n\t\t<div class=\"elementor-element elementor-element-165fd716 e-con-full e-flex e-con e-child\" data-id=\"165fd716\" data-element_type=\"container\" data-e-type=\"container\">\n\t\t\t\t<div class=\"elementor-element elementor-element-50b8f1a3 elementor-widget-divider--view-line elementor-widget elementor-widget-divider\" data-id=\"50b8f1a3\" data-element_type=\"widget\" data-e-type=\"widget\" data-widget_type=\"divider.default\">\n\t\t\t\t\t\t\t<div class=\"elementor-divider\">\n\t\t\t<span class=\"elementor-divider-separator\">\n\t\t\t\t\t\t<\/span>\n\t\t<\/div>\n\t\t\t\t\t\t<\/div>\n\t\t\t\t<div class=\"elementor-element elementor-element-11d84d66 elementor-widget elementor-widget-heading\" data-id=\"11d84d66\" data-element_type=\"widget\" data-e-type=\"widget\" data-widget_type=\"heading.default\">\n\t\t\t\t\t<h2 class=\"elementor-heading-title elementor-size-default\"><b>lo que hacemos<\/b><br>Ventaja empresarial<\/h2>\t\t\t\t<\/div>\n\t\t\t\t<div class=\"elementor-element elementor-element-1ff727db elementor-widget elementor-widget-text-editor\" data-id=\"1ff727db\" data-element_type=\"widget\" data-e-type=\"widget\" data-widget_type=\"text-editor.default\">\n\t\t\t\t\t\t\t\t\t<h2>M\u00e9todos de fabricaci\u00f3n de fibra de carbono<\/h2>\t\t\t\t\t\t\t\t<\/div>\n\t\t<div class=\"elementor-element elementor-element-6f478b0b e-con-full e-flex e-con e-child\" data-id=\"6f478b0b\" data-element_type=\"container\" data-e-type=\"container\">\n\t\t\t\t<div class=\"elementor-element elementor-element-25761c6b elementor-widget elementor-widget-text-editor\" data-id=\"25761c6b\" data-element_type=\"widget\" data-e-type=\"widget\" data-widget_type=\"text-editor.default\">\n\t\t\t\t\t\t\t\t\t<p>Fabricamos piezas de fibra de carbono y productos compuestos utilizando diversos m\u00e9todos de proceso. O, cuando surja la necesidad, desarrollaremos un proceso totalmente nuevo para satisfacer sus necesidades y requisitos.\u00a0<\/p>\t\t\t\t\t\t\t\t<\/div>\n\t\t\t\t<\/div>\n\t\t\t\t<\/div>\n\t\t\t\t\t<\/div>\n\t\t\t\t<\/div>\n\t\t<div class=\"elementor-element elementor-element-299d7641 e-con-full e-flex e-con e-parent\" data-id=\"299d7641\" data-element_type=\"container\" data-e-type=\"container\">\n\t\t<div class=\"elementor-element elementor-element-75377c94 e-con-full e-flex e-con e-child\" data-id=\"75377c94\" data-element_type=\"container\" data-e-type=\"container\">\n\t\t\t\t<div class=\"elementor-element elementor-element-45972570 elementor-widget elementor-widget-heading\" data-id=\"45972570\" data-element_type=\"widget\" data-e-type=\"widget\" data-widget_type=\"heading.default\">\n\t\t\t\t\t<h2 class=\"elementor-heading-title elementor-size-default\">estamos aqu\u00ed para <b>todas sus preguntas<\/b>\n\n<\/h2>\t\t\t\t<\/div>\n\t\t\t\t<div class=\"elementor-element elementor-element-2bf73d8 elementor-widget-divider--view-line elementor-widget elementor-widget-divider\" data-id=\"2bf73d8\" data-element_type=\"widget\" data-e-type=\"widget\" data-widget_type=\"divider.default\">\n\t\t\t\t\t\t\t<div class=\"elementor-divider\">\n\t\t\t<span class=\"elementor-divider-separator\">\n\t\t\t\t\t\t<\/span>\n\t\t<\/div>\n\t\t\t\t\t\t<\/div>\n\t\t\t\t<div class=\"elementor-element elementor-element-7cc6f350 elementor-widget__width-inherit elementor-widget elementor-widget-toggle\" data-id=\"7cc6f350\" data-element_type=\"widget\" data-e-type=\"widget\" data-widget_type=\"toggle.default\">\n\t\t\t\t\t\t\t<div class=\"elementor-toggle\">\n\t\t\t\t\t\t\t<div class=\"elementor-toggle-item\">\n\t\t\t\t\t<h6 id=\"elementor-tab-title-2091\" class=\"elementor-tab-title\" data-tab=\"1\" role=\"button\" aria-controls=\"elementor-tab-content-2091\" aria-expanded=\"false\">\n\t\t\t\t\t\t\t\t\t\t\t\t<a class=\"elementor-toggle-title\" tabindex=\"0\">\u00bfC\u00f3mo se fabrica la fibra de carbono?<\/a>\n\t\t\t\t\t<\/h6>\n\n\t\t\t\t\t<div id=\"elementor-tab-content-2091\" class=\"elementor-tab-content elementor-clearfix\" data-tab=\"1\" role=\"region\" aria-labelledby=\"elementor-tab-title-2091\"><p>La fibra de carbono se fabrica calentando fibras de pol\u00edmeros org\u00e1nicos (como el poliacrilonitrilo) a temperaturas extremadamente altas en un entorno sin ox\u00edgeno.<\/p><p>Este proceso, denominado carbonizaci\u00f3n, elimina los \u00e1tomos que no son de carbono, dejando estructuras de carbono fuertemente enlazadas.<\/p><p>Estas fibras se tejen o moldean para darles la forma deseada y, a menudo, se combinan con resinas para formar compuestos resistentes y ligeros.<\/p><\/div>\n\t\t\t\t<\/div>\n\t\t\t\t\t\t\t\t<\/div>\n\t\t\t\t\t\t<\/div>\n\t\t\t\t<div class=\"elementor-element elementor-element-652db6c5 elementor-widget__width-inherit elementor-widget elementor-widget-toggle\" data-id=\"652db6c5\" data-element_type=\"widget\" data-e-type=\"widget\" data-widget_type=\"toggle.default\">\n\t\t\t\t\t\t\t<div class=\"elementor-toggle\">\n\t\t\t\t\t\t\t<div class=\"elementor-toggle-item\">\n\t\t\t\t\t<h6 id=\"elementor-tab-title-1691\" class=\"elementor-tab-title\" data-tab=\"1\" role=\"button\" aria-controls=\"elementor-tab-content-1691\" aria-expanded=\"false\">\n\t\t\t\t\t\t\t\t\t\t\t\t<a class=\"elementor-toggle-title\" tabindex=\"0\">\u00bfCu\u00e1ntos tipos de fibra de carbono existen?<\/a>\n\t\t\t\t\t<\/h6>\n\n\t\t\t\t\t<div id=\"elementor-tab-content-1691\" class=\"elementor-tab-content elementor-clearfix\" data-tab=\"1\" role=\"region\" aria-labelledby=\"elementor-tab-title-1691\"><p>La fibra de carbono puede clasificarse en varios tipos en funci\u00f3n del m\u00f3dulo, la resistencia y el tipo de fibra.<\/p><p>Las principales categor\u00edas son <strong>alto m\u00f3dulo<\/strong>, <strong>alta resistencia<\/strong>y <strong>m\u00f3dulo intermedio<\/strong> fibras.<\/p><p>Adem\u00e1s, se clasifican por material precursor, como <strong>Basado en PAN<\/strong> (la m\u00e1s com\u00fan), <strong>basado en el tono<\/strong>y <strong>a base de ray\u00f3n<\/strong> fibras.<\/p><p>La elecci\u00f3n depende de la aplicaci\u00f3n, desde el sector aeroespacial hasta el equipamiento deportivo.<\/p><\/div>\n\t\t\t\t<\/div>\n\t\t\t\t\t\t\t\t<\/div>\n\t\t\t\t\t\t<\/div>\n\t\t\t\t<\/div>\n\t\t<div class=\"elementor-element elementor-element-65eb204c e-con-full e-flex e-con e-child\" data-id=\"65eb204c\" data-element_type=\"container\" data-e-type=\"container\">\n\t\t\t\t<div class=\"elementor-element elementor-element-449011a elementor-widget__width-inherit elementor-widget elementor-widget-toggle\" data-id=\"449011a\" data-element_type=\"widget\" data-e-type=\"widget\" data-widget_type=\"toggle.default\">\n\t\t\t\t\t\t\t<div class=\"elementor-toggle\">\n\t\t\t\t\t\t\t<div class=\"elementor-toggle-item\">\n\t\t\t\t\t<h6 id=\"elementor-tab-title-7181\" class=\"elementor-tab-title\" data-tab=\"1\" role=\"button\" aria-controls=\"elementor-tab-content-7181\" aria-expanded=\"false\">\n\t\t\t\t\t\t\t\t\t\t\t\t<a class=\"elementor-toggle-title\" tabindex=\"0\">\u00bfQu\u00e9 es la fibra de carbono?<\/a>\n\t\t\t\t\t<\/h6>\n\n\t\t\t\t\t<div id=\"elementor-tab-content-7181\" class=\"elementor-tab-content elementor-clearfix\" data-tab=\"1\" role=\"region\" aria-labelledby=\"elementor-tab-title-7181\"><p>La fibra de carbono es un material conocido por dos cosas: es ligero y es resistente.<\/p><p>Est\u00e1 formado por \u00e1tomos de carbono fuertemente unidos en cristales que se alinean en largas y finas hebras.<\/p><p>Imagina algo m\u00e1s fuerte que el acero pero lo bastante ligero para flotar.<\/p><p>Por eso est\u00e1 presente en todos los sectores de alto riesgo.<\/p><p>La gente lo utiliza para construir piezas que deben mantenerse fuertes bajo tensi\u00f3n pero sin a\u00f1adir peso innecesario.<\/p><\/div>\n\t\t\t\t<\/div>\n\t\t\t\t\t\t\t\t<\/div>\n\t\t\t\t\t\t<\/div>\n\t\t\t\t<div class=\"elementor-element elementor-element-40f395da elementor-widget__width-inherit elementor-widget elementor-widget-toggle\" data-id=\"40f395da\" data-element_type=\"widget\" data-e-type=\"widget\" data-widget_type=\"toggle.default\">\n\t\t\t\t\t\t\t<div class=\"elementor-toggle\">\n\t\t\t\t\t\t\t<div class=\"elementor-toggle-item\">\n\t\t\t\t\t<h6 id=\"elementor-tab-title-1081\" class=\"elementor-tab-title\" data-tab=\"1\" role=\"button\" aria-controls=\"elementor-tab-content-1081\" aria-expanded=\"false\">\n\t\t\t\t\t\t\t\t\t\t\t\t<a class=\"elementor-toggle-title\" tabindex=\"0\">Breve historia de la fibra de carbono<\/a>\n\t\t\t\t\t<\/h6>\n\n\t\t\t\t\t<div id=\"elementor-tab-content-1081\" class=\"elementor-tab-content elementor-clearfix\" data-tab=\"1\" role=\"region\" aria-labelledby=\"elementor-tab-title-1081\"><p>La primera versi\u00f3n de la fibra de carbono surgi\u00f3 a finales del siglo XIX.<\/p><p>Se utilizaba en las bombillas.<\/p><p>En la d\u00e9cada de 1960, los ingenieros empezaron a ver su potencial m\u00e1s all\u00e1 del uso el\u00e9ctrico.<\/p><p>El sector aeroespacial y los coches de altas prestaciones se lanzaron a la aventura.<\/p><\/div>\n\t\t\t\t<\/div>\n\t\t\t\t\t\t\t\t<\/div>\n\t\t\t\t\t\t<\/div>\n\t\t\t\t<div class=\"elementor-element elementor-element-1c8f66a9 elementor-widget__width-inherit elementor-widget elementor-widget-toggle\" data-id=\"1c8f66a9\" data-element_type=\"widget\" data-e-type=\"widget\" data-widget_type=\"toggle.default\">\n\t\t\t\t\t\t\t<div class=\"elementor-toggle\">\n\t\t\t\t\t\t\t<div class=\"elementor-toggle-item\">\n\t\t\t\t\t<h6 id=\"elementor-tab-title-4791\" class=\"elementor-tab-title\" data-tab=\"1\" role=\"button\" aria-controls=\"elementor-tab-content-4791\" aria-expanded=\"false\">\n\t\t\t\t\t\t\t\t\t\t\t\t<a class=\"elementor-toggle-title\" tabindex=\"0\">\u00bfPor qu\u00e9 es tan popular la fibra de carbono?<\/a>\n\t\t\t\t\t<\/h6>\n\n\t\t\t\t\t<div id=\"elementor-tab-content-4791\" class=\"elementor-tab-content elementor-clearfix\" data-tab=\"1\" role=\"region\" aria-labelledby=\"elementor-tab-title-4791\"><p>La fibra de carbono es cinco veces m\u00e1s resistente que el acero.<\/p><p>Pero pesa una fracci\u00f3n.<\/p><p>Adem\u00e1s, resiste el estiramiento, no se corroe y aguanta el calor.<\/p><p>Tambi\u00e9n tiene una incre\u00edble resistencia a la fatiga, lo que significa que mantiene su forma y resistencia incluso despu\u00e9s de a\u00f1os de uso.<\/p><p>Piense en aviones, coches de carreras e incluso equipos deportivos de alta gama: necesitan algo que resista sin a\u00f1adir peso ni volumen.<\/p><\/div>\n\t\t\t\t<\/div>\n\t\t\t\t\t\t\t\t<\/div>\n\t\t\t\t\t\t<\/div>\n\t\t\t\t<div class=\"elementor-element elementor-element-6c51982c elementor-widget__width-inherit elementor-widget elementor-widget-toggle\" data-id=\"6c51982c\" data-element_type=\"widget\" data-e-type=\"widget\" data-widget_type=\"toggle.default\">\n\t\t\t\t\t\t\t<div class=\"elementor-toggle\">\n\t\t\t\t\t\t\t<div class=\"elementor-toggle-item\">\n\t\t\t\t\t<h6 id=\"elementor-tab-title-1811\" class=\"elementor-tab-title\" data-tab=\"1\" role=\"button\" aria-controls=\"elementor-tab-content-1811\" aria-expanded=\"false\">\n\t\t\t\t\t\t\t\t\t\t\t\t<a class=\"elementor-toggle-title\" tabindex=\"0\">\u00bfQu\u00e9 es la fibra de carbono y sus aplicaciones?<\/a>\n\t\t\t\t\t<\/h6>\n\n\t\t\t\t\t<div id=\"elementor-tab-content-1811\" class=\"elementor-tab-content elementor-clearfix\" data-tab=\"1\" role=\"region\" aria-labelledby=\"elementor-tab-title-1811\"><p>La fibra de carbono es un material ligero y muy resistente compuesto por finas hebras de carbono entrelazadas y a menudo embebidas en resina.<\/p><p>Entre sus propiedades destacan su gran resistencia a la tracci\u00f3n, su rigidez y su resistencia al calor y a los productos qu\u00edmicos.<\/p><p>Las aplicaciones abarcan la industria aeroespacial, la automoci\u00f3n, los equipos deportivos, las turbinas e\u00f3licas y los dispositivos m\u00e9dicos, haciendo hincapi\u00e9 en la reducci\u00f3n de peso y la durabilidad en entornos cr\u00edticos.<\/p><\/div>\n\t\t\t\t<\/div>\n\t\t\t\t\t\t\t\t<\/div>\n\t\t\t\t\t\t<\/div>\n\t\t\t\t<\/div>\n\t\t\t\t<\/div>\n\t\t\t\t<\/div>","protected":false},"excerpt":{"rendered":"<p>c\u00f3mo se fabrican los productos de fibra de carbono<\/p>","protected":false},"author":1,"featured_media":3027,"parent":0,"menu_order":0,"comment_status":"closed","ping_status":"closed","template":"","meta":{"footnotes":""},"class_list":["post-939","page","type-page","status-publish","has-post-thumbnail","hentry"],"_links":{"self":[{"href":"https:\/\/dycarbonfiber.com\/es\/wp-json\/wp\/v2\/pages\/939","targetHints":{"allow":["GET"]}}],"collection":[{"href":"https:\/\/dycarbonfiber.com\/es\/wp-json\/wp\/v2\/pages"}],"about":[{"href":"https:\/\/dycarbonfiber.com\/es\/wp-json\/wp\/v2\/types\/page"}],"author":[{"embeddable":true,"href":"https:\/\/dycarbonfiber.com\/es\/wp-json\/wp\/v2\/users\/1"}],"replies":[{"embeddable":true,"href":"https:\/\/dycarbonfiber.com\/es\/wp-json\/wp\/v2\/comments?post=939"}],"version-history":[{"count":30,"href":"https:\/\/dycarbonfiber.com\/es\/wp-json\/wp\/v2\/pages\/939\/revisions"}],"predecessor-version":[{"id":4776,"href":"https:\/\/dycarbonfiber.com\/es\/wp-json\/wp\/v2\/pages\/939\/revisions\/4776"}],"wp:featuredmedia":[{"embeddable":true,"href":"https:\/\/dycarbonfiber.com\/es\/wp-json\/wp\/v2\/media\/3027"}],"wp:attachment":[{"href":"https:\/\/dycarbonfiber.com\/es\/wp-json\/wp\/v2\/media?parent=939"}],"curies":[{"name":"wp","href":"https:\/\/api.w.org\/{rel}","templated":true}]}}