{"id":1832,"date":"2024-11-27T06:45:40","date_gmt":"2024-11-27T06:45:40","guid":{"rendered":"https:\/\/dycarbonfiber-com-838631.hostingersite.com\/?page_id=1832"},"modified":"2025-05-23T06:32:13","modified_gmt":"2025-05-23T06:32:13","slug":"industry-applications","status":"publish","type":"page","link":"https:\/\/dycarbonfiber.com\/it\/industry-applications\/","title":{"rendered":"Applicazioni industriali"},"content":{"rendered":"<div data-elementor-type=\"wp-page\" data-elementor-id=\"1832\" class=\"elementor elementor-1832\" data-elementor-post-type=\"page\">\n\t\t\t\t<div class=\"elementor-element elementor-element-32af76d e-con-full e-flex e-con e-parent\" data-id=\"32af76d\" data-element_type=\"container\" data-e-type=\"container\">\n\t\t\t\t<div class=\"elementor-element elementor-element-6abb022 elementor-widget elementor-widget-heading\" data-id=\"6abb022\" data-element_type=\"widget\" data-e-type=\"widget\" data-widget_type=\"heading.default\">\n\t\t\t\t\t<h1 class=\"elementor-heading-title elementor-size-default\">Applicazioni e FAQ<\/h1>\t\t\t\t<\/div>\n\t\t\t\t<div class=\"elementor-element elementor-element-10be64c elementor-icon-list--layout-inline elementor-align-center elementor-list-item-link-full_width elementor-widget elementor-widget-icon-list\" data-id=\"10be64c\" data-element_type=\"widget\" data-e-type=\"widget\" data-widget_type=\"icon-list.default\">\n\t\t\t\t\t\t\t<ul class=\"elementor-icon-list-items elementor-inline-items\">\n\t\t\t\t\t\t\t<li class=\"elementor-icon-list-item elementor-inline-item\">\n\t\t\t\t\t\t\t\t\t\t\t<a href=\"https:\/\/dycarbonfiber.com\/it\">\n\n\t\t\t\t\t\t\t\t\t\t\t<span class=\"elementor-icon-list-text\">Casa<\/span>\n\t\t\t\t\t\t\t\t\t\t\t<\/a>\n\t\t\t\t\t\t\t\t\t<\/li>\n\t\t\t\t\t\t\t\t<li class=\"elementor-icon-list-item elementor-inline-item\">\n\t\t\t\t\t\t\t\t\t\t\t<a href=\"https:\/\/dycarbonfiber.com\/it\/industry-applications\/\">\n\n\t\t\t\t\t\t\t\t\t\t\t\t<span class=\"elementor-icon-list-icon\">\n\t\t\t\t\t\t\t<svg aria-hidden=\"true\" class=\"e-font-icon-svg e-fas-angle-right\" viewbox=\"0 0 256 512\" xmlns=\"http:\/\/www.w3.org\/2000\/svg\"><path d=\"M224.3 273l-136 136c-9.4 9.4-24.6 9.4-33.9 0l-22.6-22.6c-9.4-9.4-9.4-24.6 0-33.9l96.4-96.4-96.4-96.4c-9.4-9.4-9.4-24.6 0-33.9L54.3 103c9.4-9.4 24.6-9.4 33.9 0l136 136c9.5 9.4 9.5 24.6.1 34z\"><\/path><\/svg>\t\t\t\t\t\t<\/span>\n\t\t\t\t\t\t\t\t\t\t<span class=\"elementor-icon-list-text\">Applicazioni<\/span>\n\t\t\t\t\t\t\t\t\t\t\t<\/a>\n\t\t\t\t\t\t\t\t\t<\/li>\n\t\t\t\t\t\t\t\t<li class=\"elementor-icon-list-item elementor-inline-item\">\n\t\t\t\t\t\t\t\t\t\t\t<a href=\"https:\/\/dycarbonfiber.com\/it\/carbon-fiber-tube-faq\/\">\n\n\t\t\t\t\t\t\t\t\t\t\t\t<span class=\"elementor-icon-list-icon\">\n\t\t\t\t\t\t\t<svg aria-hidden=\"true\" class=\"e-font-icon-svg e-fas-angle-right\" viewbox=\"0 0 256 512\" xmlns=\"http:\/\/www.w3.org\/2000\/svg\"><path d=\"M224.3 273l-136 136c-9.4 9.4-24.6 9.4-33.9 0l-22.6-22.6c-9.4-9.4-9.4-24.6 0-33.9l96.4-96.4-96.4-96.4c-9.4-9.4-9.4-24.6 0-33.9L54.3 103c9.4-9.4 24.6-9.4 33.9 0l136 136c9.5 9.4 9.5 24.6.1 34z\"><\/path><\/svg>\t\t\t\t\t\t<\/span>\n\t\t\t\t\t\t\t\t\t\t<span class=\"elementor-icon-list-text\">FAQ - Tubi in fibra di carbonio<\/span>\n\t\t\t\t\t\t\t\t\t\t\t<\/a>\n\t\t\t\t\t\t\t\t\t<\/li>\n\t\t\t\t\t\t\t\t<li class=\"elementor-icon-list-item elementor-inline-item\">\n\t\t\t\t\t\t\t\t\t\t\t<a href=\"https:\/\/dycarbonfiber.com\/it\/carbon-fiber-sheets-faq\/\">\n\n\t\t\t\t\t\t\t\t\t\t\t\t<span class=\"elementor-icon-list-icon\">\n\t\t\t\t\t\t\t<svg aria-hidden=\"true\" class=\"e-font-icon-svg e-fas-angle-right\" viewbox=\"0 0 256 512\" xmlns=\"http:\/\/www.w3.org\/2000\/svg\"><path d=\"M224.3 273l-136 136c-9.4 9.4-24.6 9.4-33.9 0l-22.6-22.6c-9.4-9.4-9.4-24.6 0-33.9l96.4-96.4-96.4-96.4c-9.4-9.4-9.4-24.6 0-33.9L54.3 103c9.4-9.4 24.6-9.4 33.9 0l136 136c9.5 9.4 9.5 24.6.1 34z\"><\/path><\/svg>\t\t\t\t\t\t<\/span>\n\t\t\t\t\t\t\t\t\t\t<span class=\"elementor-icon-list-text\">FAQ - Lastre in fibra di carbonio<\/span>\n\t\t\t\t\t\t\t\t\t\t\t<\/a>\n\t\t\t\t\t\t\t\t\t<\/li>\n\t\t\t\t\t\t<\/ul>\n\t\t\t\t\t\t<\/div>\n\t\t\t\t<\/div>\n\t\t\t\t<section class=\"elementor-section elementor-top-section elementor-element elementor-element-147487e0 elementor-section-content-middle elementor-section-boxed elementor-section-height-default elementor-section-height-default\" data-id=\"147487e0\" data-element_type=\"section\" data-e-type=\"section\" data-settings=\"{&quot;background_background&quot;:&quot;classic&quot;}\">\n\t\t\t\t\t\t\t<div class=\"elementor-background-overlay\"><\/div>\n\t\t\t\t\t\t\t<div class=\"elementor-container elementor-column-gap-no\">\n\t\t\t\t\t<div class=\"elementor-column elementor-col-100 elementor-top-column elementor-element elementor-element-6a58feae\" data-id=\"6a58feae\" data-element_type=\"column\" data-e-type=\"column\">\n\t\t\t<div class=\"elementor-widget-wrap elementor-element-populated\">\n\t\t\t\t\t\t<div class=\"elementor-element elementor-element-139f019e elementor-widget__width-initial elementor-widget-mobile__width-inherit elementor-widget elementor-widget-heading\" data-id=\"139f019e\" data-element_type=\"widget\" data-e-type=\"widget\" data-widget_type=\"heading.default\">\n\t\t\t\t\t<h2 class=\"elementor-heading-title elementor-size-default\">Applicazioni e soluzioni per l'industria<\/h2>\t\t\t\t<\/div>\n\t\t\t\t<div class=\"elementor-element elementor-element-53a58c9a elementor-widget__width-initial elementor-widget-mobile__width-inherit elementor-widget elementor-widget-text-editor\" data-id=\"53a58c9a\" data-element_type=\"widget\" data-e-type=\"widget\" data-widget_type=\"text-editor.default\">\n\t\t\t\t\t\t\t\t\t<h4>CarbonCore Dynamics fornisce servizi personalizzati non standard per vari settori.<\/h4>\t\t\t\t\t\t\t\t<\/div>\n\t\t\t\t<div class=\"elementor-element elementor-element-309cc1f1 elementor-widget elementor-widget-image\" data-id=\"309cc1f1\" data-element_type=\"widget\" data-e-type=\"widget\" data-widget_type=\"image.default\">\n\t\t\t\t\t\t\t\t\t\t\t\t\t\t\t<img decoding=\"async\" src=\"https:\/\/dycarbonfiber.com\/wp-content\/uploads\/elementor\/thumbs\/Carbon-Fiber-Tube-banner1-rcaw0mwfv0gmv1m1oyfsbwtnb0556atadi5aejw2h4.jpg\" title=\"Tubo in fibra di carbonio-banner1\" alt=\"alt=&quot;fibra di carbonio utilizzata nei componenti strutturali aerospaziali&quot;\" loading=\"lazy\" \/>\t\t\t\t\t\t\t\t\t\t\t\t\t\t\t<\/div>\n\t\t\t\t\t<\/div>\n\t\t<\/div>\n\t\t\t\t\t<\/div>\n\t\t<\/section>\n\t\t\t\t<section class=\"elementor-section elementor-top-section elementor-element elementor-element-62a02c5f elementor-section-height-min-height elementor-section-boxed elementor-section-height-default elementor-section-items-middle\" data-id=\"62a02c5f\" data-element_type=\"section\" data-e-type=\"section\">\n\t\t\t\t\t\t<div class=\"elementor-container elementor-column-gap-no\">\n\t\t\t\t\t<div class=\"elementor-column elementor-col-100 elementor-top-column elementor-element elementor-element-305404cc\" data-id=\"305404cc\" data-element_type=\"column\" data-e-type=\"column\">\n\t\t\t<div class=\"elementor-widget-wrap elementor-element-populated\">\n\t\t\t\t\t\t<section class=\"elementor-section elementor-inner-section elementor-element elementor-element-43145c09 elementor-section-boxed elementor-section-height-default elementor-section-height-default\" data-id=\"43145c09\" data-element_type=\"section\" data-e-type=\"section\">\n\t\t\t\t\t\t<div class=\"elementor-container elementor-column-gap-no\">\n\t\t\t\t\t<div class=\"elementor-column elementor-col-100 elementor-inner-column elementor-element elementor-element-3bb35bb9\" data-id=\"3bb35bb9\" data-element_type=\"column\" data-e-type=\"column\">\n\t\t\t<div class=\"elementor-widget-wrap elementor-element-populated\">\n\t\t\t\t\t\t<div class=\"elementor-element elementor-element-ee30675 elementor-widget elementor-widget-heading\" data-id=\"ee30675\" data-element_type=\"widget\" data-e-type=\"widget\" data-widget_type=\"heading.default\">\n\t\t\t\t\t<h2 class=\"elementor-heading-title elementor-size-default\">Applicazioni industriali<\/h2>\t\t\t\t<\/div>\n\t\t\t\t<div class=\"elementor-element elementor-element-5fea7921 elementor-widget__width-auto elementor-widget elementor-widget-text-editor\" data-id=\"5fea7921\" data-element_type=\"widget\" data-e-type=\"widget\" data-widget_type=\"text-editor.default\">\n\t\t\t\t\t\t\t\t\t<p>&nbsp; Il polimero rinforzato con fibra di carbonio (CFRP) ha una densit\u00e0 di 1,7 g\/cm\u00b3, pi\u00f9 leggera di 30% rispetto all'alluminio e di almeno 75% rispetto all'acciaio. La sua resistenza alla trazione assiale \u00e8 diverse volte superiore a quella dell'acciaio. Il CFRP non \u00e8 sensibile alla temperatura, con un coefficiente di espansione termica quasi nullo. Offre una buona resistenza agli agenti atmosferici e alla corrosione, un'eccellente resistenza alla fatica, un'elevata trasparenza ai raggi X e una buona permeabilit\u00e0 acustica. L'utilizzo del CFRP per la produzione di componenti non solo riduce il peso, ma contribuisce anche al risparmio energetico, alla riduzione delle emissioni, all'aumento della velocit\u00e0 e della produzione, al miglioramento della qualit\u00e0 del prodotto, alla riduzione dell'usura e al prolungamento della durata di vita delle apparecchiature, rendendolo ampiamente applicabile in diversi settori industriali.&nbsp;&nbsp;<\/p>\t\t\t\t\t\t\t\t<\/div>\n\t\t\t\t\t<\/div>\n\t\t<\/div>\n\t\t\t\t\t<\/div>\n\t\t<\/section>\n\t\t\t\t<section class=\"elementor-section elementor-inner-section elementor-element elementor-element-373438ba elementor-section-boxed elementor-section-height-default elementor-section-height-default\" data-id=\"373438ba\" data-element_type=\"section\" data-e-type=\"section\">\n\t\t\t\t\t\t<div class=\"elementor-container elementor-column-gap-no\">\n\t\t\t\t\t<div class=\"elementor-column elementor-col-25 elementor-inner-column elementor-element elementor-element-7d3ae5cf\" data-id=\"7d3ae5cf\" data-element_type=\"column\" data-e-type=\"column\" data-settings=\"{&quot;background_background&quot;:&quot;classic&quot;}\">\n\t\t\t<div class=\"elementor-widget-wrap elementor-element-populated\">\n\t\t\t\t\t\t<div class=\"elementor-element elementor-element-244438b8 elementor-widget elementor-widget-image\" data-id=\"244438b8\" data-element_type=\"widget\" data-e-type=\"widget\" data-widget_type=\"image.default\">\n\t\t\t\t\t\t\t\t\t\t\t\t\t\t\t<img decoding=\"async\" width=\"266\" height=\"157\" src=\"https:\/\/dycarbonfiber.com\/wp-content\/uploads\/2024\/11\/\u5fae\u4fe1\u622a\u56fe_20241127115345.jpg\" class=\"attachment-large size-large wp-image-1806\" alt=\"Spazio e aerospazio\" \/>\t\t\t\t\t\t\t\t\t\t\t\t\t\t\t<\/div>\n\t\t\t\t<div class=\"elementor-element elementor-element-40343bf0 elementor-widget elementor-widget-image-box\" data-id=\"40343bf0\" data-element_type=\"widget\" data-e-type=\"widget\" data-widget_type=\"image-box.default\">\n\t\t\t\t\t<div class=\"elementor-image-box-wrapper\"><div class=\"elementor-image-box-content\"><h5 class=\"elementor-image-box-title\">Spazio e aerospazio<\/h5><\/div><\/div>\t\t\t\t<\/div>\n\t\t\t\t\t<\/div>\n\t\t<\/div>\n\t\t\t\t<div class=\"elementor-column elementor-col-25 elementor-inner-column elementor-element elementor-element-6c5a687f\" data-id=\"6c5a687f\" data-element_type=\"column\" data-e-type=\"column\" data-settings=\"{&quot;background_background&quot;:&quot;classic&quot;}\">\n\t\t\t<div class=\"elementor-widget-wrap elementor-element-populated\">\n\t\t\t\t\t\t<div class=\"elementor-element elementor-element-158a323b elementor-widget elementor-widget-image\" data-id=\"158a323b\" data-element_type=\"widget\" data-e-type=\"widget\" data-widget_type=\"image.default\">\n\t\t\t\t\t\t\t\t\t\t\t\t\t\t\t\t<a href=\"https:\/\/dycarbonfiber.com\/it\/carbon-fiber-products-for-military-integration-a-comprehensive-guide\/\">\n\t\t\t\t\t\t\t<img decoding=\"async\" width=\"272\" height=\"161\" src=\"https:\/\/dycarbonfiber.com\/wp-content\/uploads\/2024\/11\/\u5fae\u4fe1\u622a\u56fe_20241127115337.jpg\" class=\"attachment-large size-large wp-image-1807\" alt=\"Integrazione civile-militare\" \/>\t\t\t\t\t\t\t\t<\/a>\n\t\t\t\t\t\t\t\t\t\t\t\t\t\t\t<\/div>\n\t\t\t\t<div class=\"elementor-element elementor-element-2da45856 elementor-widget elementor-widget-image-box\" data-id=\"2da45856\" data-element_type=\"widget\" data-e-type=\"widget\" data-widget_type=\"image-box.default\">\n\t\t\t\t\t<div class=\"elementor-image-box-wrapper\"><div class=\"elementor-image-box-content\"><h5 class=\"elementor-image-box-title\"><a href=\"https:\/\/dycarbonfiber.com\/it\/carbon-fiber-products-for-military-integration-a-comprehensive-guide\/\">Integrazione militare<\/a><\/h5><\/div><\/div>\t\t\t\t<\/div>\n\t\t\t\t\t<\/div>\n\t\t<\/div>\n\t\t\t\t<div class=\"elementor-column elementor-col-25 elementor-inner-column elementor-element elementor-element-3d512ad0\" data-id=\"3d512ad0\" data-element_type=\"column\" data-e-type=\"column\" data-settings=\"{&quot;background_background&quot;:&quot;classic&quot;}\">\n\t\t\t<div class=\"elementor-widget-wrap elementor-element-populated\">\n\t\t\t\t\t\t<div class=\"elementor-element elementor-element-1b1460e5 elementor-widget elementor-widget-image\" data-id=\"1b1460e5\" data-element_type=\"widget\" data-e-type=\"widget\" data-widget_type=\"image.default\">\n\t\t\t\t\t\t\t\t\t\t\t\t\t\t\t\t<a href=\"https:\/\/dycarbonfiber.com\/it\/how-to-choose-the-best-carbon-fibre-tube-for-an-application\/\">\n\t\t\t\t\t\t\t<img decoding=\"async\" width=\"266\" height=\"162\" src=\"https:\/\/dycarbonfiber.com\/wp-content\/uploads\/2024\/11\/\u5fae\u4fe1\u622a\u56fe_20241127115354.jpg\" class=\"attachment-large size-large wp-image-1805\" alt=\"Automazione industriale\" \/>\t\t\t\t\t\t\t\t<\/a>\n\t\t\t\t\t\t\t\t\t\t\t\t\t\t\t<\/div>\n\t\t\t\t<div class=\"elementor-element elementor-element-53b26bca elementor-widget elementor-widget-image-box\" data-id=\"53b26bca\" data-element_type=\"widget\" data-e-type=\"widget\" data-widget_type=\"image-box.default\">\n\t\t\t\t\t<div class=\"elementor-image-box-wrapper\"><div class=\"elementor-image-box-content\"><h5 class=\"elementor-image-box-title\"><a href=\"https:\/\/dycarbonfiber.com\/it\/how-to-choose-the-best-carbon-fibre-tube-for-an-application\/\">Automazione industriale<\/a><\/h5><\/div><\/div>\t\t\t\t<\/div>\n\t\t\t\t\t<\/div>\n\t\t<\/div>\n\t\t\t\t<div class=\"elementor-column elementor-col-25 elementor-inner-column elementor-element elementor-element-6bb3ae5b\" data-id=\"6bb3ae5b\" data-element_type=\"column\" data-e-type=\"column\" data-settings=\"{&quot;background_background&quot;:&quot;classic&quot;}\">\n\t\t\t<div class=\"elementor-widget-wrap elementor-element-populated\">\n\t\t\t\t\t\t<div class=\"elementor-element elementor-element-3415f8b3 elementor-widget elementor-widget-image\" data-id=\"3415f8b3\" data-element_type=\"widget\" data-e-type=\"widget\" data-widget_type=\"image.default\">\n\t\t\t\t\t\t\t\t\t\t\t\t\t\t\t\t<a href=\"https:\/\/dycarbonfiber.com\/it\/carbon-fiber-tube-for-offshore-equipment-the-ultimate-guide\/\">\n\t\t\t\t\t\t\t<img loading=\"lazy\" decoding=\"async\" width=\"262\" height=\"157\" src=\"https:\/\/dycarbonfiber.com\/wp-content\/uploads\/2024\/11\/\u5fae\u4fe1\u622a\u56fe_20241127115401.jpg\" class=\"attachment-large size-large wp-image-1804\" alt=\"Attrezzature per l&#039;ingegneria offshore\" \/>\t\t\t\t\t\t\t\t<\/a>\n\t\t\t\t\t\t\t\t\t\t\t\t\t\t\t<\/div>\n\t\t\t\t<div class=\"elementor-element elementor-element-4abf8f17 elementor-widget elementor-widget-image-box\" data-id=\"4abf8f17\" data-element_type=\"widget\" data-e-type=\"widget\" data-widget_type=\"image-box.default\">\n\t\t\t\t\t<div class=\"elementor-image-box-wrapper\"><div class=\"elementor-image-box-content\"><h5 class=\"elementor-image-box-title\"><a href=\"https:\/\/dycarbonfiber.com\/it\/carbon-fiber-tube-for-offshore-equipment-the-ultimate-guide\/\">Attrezzature offshore<\/a><\/h5><\/div><\/div>\t\t\t\t<\/div>\n\t\t\t\t\t<\/div>\n\t\t<\/div>\n\t\t\t\t\t<\/div>\n\t\t<\/section>\n\t\t\t\t<section class=\"elementor-section elementor-inner-section elementor-element elementor-element-64b32889 elementor-section-boxed elementor-section-height-default elementor-section-height-default\" data-id=\"64b32889\" data-element_type=\"section\" data-e-type=\"section\">\n\t\t\t\t\t\t<div class=\"elementor-container elementor-column-gap-no\">\n\t\t\t\t\t<div class=\"elementor-column elementor-col-25 elementor-inner-column elementor-element elementor-element-69f297e6\" data-id=\"69f297e6\" data-element_type=\"column\" data-e-type=\"column\" data-settings=\"{&quot;background_background&quot;:&quot;classic&quot;}\">\n\t\t\t<div class=\"elementor-widget-wrap elementor-element-populated\">\n\t\t\t\t\t\t<div class=\"elementor-element elementor-element-273431be elementor-widget elementor-widget-image\" data-id=\"273431be\" data-element_type=\"widget\" data-e-type=\"widget\" data-widget_type=\"image.default\">\n\t\t\t\t\t\t\t\t\t\t\t\t\t\t\t<img loading=\"lazy\" decoding=\"async\" width=\"262\" height=\"159\" src=\"https:\/\/dycarbonfiber.com\/wp-content\/uploads\/2024\/11\/\u5fae\u4fe1\u622a\u56fe_20241127115408.jpg\" class=\"attachment-large size-large wp-image-1803\" alt=\"Trasporto ferroviario\" \/>\t\t\t\t\t\t\t\t\t\t\t\t\t\t\t<\/div>\n\t\t\t\t<div class=\"elementor-element elementor-element-103a9426 elementor-widget elementor-widget-image-box\" data-id=\"103a9426\" data-element_type=\"widget\" data-e-type=\"widget\" data-widget_type=\"image-box.default\">\n\t\t\t\t\t<div class=\"elementor-image-box-wrapper\"><div class=\"elementor-image-box-content\"><h5 class=\"elementor-image-box-title\">Trasporto ferroviario<\/h5><\/div><\/div>\t\t\t\t<\/div>\n\t\t\t\t\t<\/div>\n\t\t<\/div>\n\t\t\t\t<div class=\"elementor-column elementor-col-25 elementor-inner-column elementor-element elementor-element-78666bbb\" data-id=\"78666bbb\" data-element_type=\"column\" data-e-type=\"column\" data-settings=\"{&quot;background_background&quot;:&quot;classic&quot;}\">\n\t\t\t<div class=\"elementor-widget-wrap elementor-element-populated\">\n\t\t\t\t\t\t<div class=\"elementor-element elementor-element-738809e1 elementor-widget elementor-widget-image\" data-id=\"738809e1\" data-element_type=\"widget\" data-e-type=\"widget\" data-widget_type=\"image.default\">\n\t\t\t\t\t\t\t\t\t\t\t\t\t\t\t<img loading=\"lazy\" decoding=\"async\" width=\"284\" height=\"170\" src=\"https:\/\/dycarbonfiber.com\/wp-content\/uploads\/2024\/11\/122.jpg\" class=\"attachment-large size-large wp-image-1830\" alt=\"Dispositivi medici\" \/>\t\t\t\t\t\t\t\t\t\t\t\t\t\t\t<\/div>\n\t\t\t\t<div class=\"elementor-element elementor-element-1eb886ff elementor-widget elementor-widget-image-box\" data-id=\"1eb886ff\" data-element_type=\"widget\" data-e-type=\"widget\" data-widget_type=\"image-box.default\">\n\t\t\t\t\t<div class=\"elementor-image-box-wrapper\"><div class=\"elementor-image-box-content\"><h5 class=\"elementor-image-box-title\">Dispositivi medici<\/h5><\/div><\/div>\t\t\t\t<\/div>\n\t\t\t\t\t<\/div>\n\t\t<\/div>\n\t\t\t\t<div class=\"elementor-column elementor-col-25 elementor-inner-column elementor-element elementor-element-1308438f\" data-id=\"1308438f\" data-element_type=\"column\" data-e-type=\"column\" data-settings=\"{&quot;background_background&quot;:&quot;classic&quot;}\">\n\t\t\t<div class=\"elementor-widget-wrap elementor-element-populated\">\n\t\t\t\t\t\t<div class=\"elementor-element elementor-element-195d245a elementor-widget elementor-widget-image\" data-id=\"195d245a\" data-element_type=\"widget\" data-e-type=\"widget\" data-widget_type=\"image.default\">\n\t\t\t\t\t\t\t\t\t\t\t\t\t\t\t\t<a href=\"https:\/\/dycarbonfiber.com\/it\/how-to-manufacture-carbon-fiber-parts\/\">\n\t\t\t\t\t\t\t<img loading=\"lazy\" decoding=\"async\" width=\"271\" height=\"157\" src=\"https:\/\/dycarbonfiber.com\/wp-content\/uploads\/2024\/11\/\u5fae\u4fe1\u622a\u56fe_20241127115420.jpg\" class=\"attachment-large size-large wp-image-1801\" alt=\"Componenti automobilistici leggeri\" \/>\t\t\t\t\t\t\t\t<\/a>\n\t\t\t\t\t\t\t\t\t\t\t\t\t\t\t<\/div>\n\t\t\t\t<div class=\"elementor-element elementor-element-66ff23b1 elementor-widget elementor-widget-image-box\" data-id=\"66ff23b1\" data-element_type=\"widget\" data-e-type=\"widget\" data-widget_type=\"image-box.default\">\n\t\t\t\t\t<div class=\"elementor-image-box-wrapper\"><div class=\"elementor-image-box-content\"><h5 class=\"elementor-image-box-title\"><a href=\"https:\/\/dycarbonfiber.com\/it\/how-to-manufacture-carbon-fiber-parts\/\">Componenti per autoveicoli<\/a><\/h5><\/div><\/div>\t\t\t\t<\/div>\n\t\t\t\t\t<\/div>\n\t\t<\/div>\n\t\t\t\t<div class=\"elementor-column elementor-col-25 elementor-inner-column elementor-element elementor-element-37992404\" data-id=\"37992404\" data-element_type=\"column\" data-e-type=\"column\" data-settings=\"{&quot;background_background&quot;:&quot;classic&quot;}\">\n\t\t\t<div class=\"elementor-widget-wrap elementor-element-populated\">\n\t\t\t\t\t\t<div class=\"elementor-element elementor-element-28e35f0a elementor-widget elementor-widget-image\" data-id=\"28e35f0a\" data-element_type=\"widget\" data-e-type=\"widget\" data-widget_type=\"image.default\">\n\t\t\t\t\t\t\t\t\t\t\t\t\t\t\t\t<a href=\"https:\/\/dycarbonfiber.com\/it\/what-can-carbon-fiber-tubes-be-made-into\/\">\n\t\t\t\t\t\t\t<img loading=\"lazy\" decoding=\"async\" width=\"270\" height=\"155\" src=\"https:\/\/dycarbonfiber.com\/wp-content\/uploads\/2024\/11\/\u5fae\u4fe1\u622a\u56fe_20241127115426.jpg\" class=\"attachment-large size-large wp-image-1800\" alt=\"attrezzature sportive\" \/>\t\t\t\t\t\t\t\t<\/a>\n\t\t\t\t\t\t\t\t\t\t\t\t\t\t\t<\/div>\n\t\t\t\t<div class=\"elementor-element elementor-element-e0c1906 elementor-widget elementor-widget-image-box\" data-id=\"e0c1906\" data-element_type=\"widget\" data-e-type=\"widget\" data-widget_type=\"image-box.default\">\n\t\t\t\t\t<div class=\"elementor-image-box-wrapper\"><div class=\"elementor-image-box-content\"><h5 class=\"elementor-image-box-title\"><a href=\"https:\/\/dycarbonfiber.com\/it\/what-can-carbon-fiber-tubes-be-made-into\/\">Attrezzature sportive<\/a><\/h5><\/div><\/div>\t\t\t\t<\/div>\n\t\t\t\t\t<\/div>\n\t\t<\/div>\n\t\t\t\t\t<\/div>\n\t\t<\/section>\n\t\t\t\t\t<\/div>\n\t\t<\/div>\n\t\t\t\t\t<\/div>\n\t\t<\/section>\n\t\t\t\t<\/div>","protected":false},"excerpt":{"rendered":"<p>Applications &amp; FAQ Home Applications FAQ \u2013 Carbon Fiber Tubes FAQ \u2013 Carbon Fiber Sheets Industry Applications and Solutions CarbonCore Dynamics provide non-standard customized services for various industries. Industry Applications &nbsp; Carbon Fiber Reinforced Polymer (CFRP) has a density of 1.7g\/cm\u00b3, which is 30% lighter than aluminum and at least 75% lighter than steel. Its [&hellip;]<\/p>","protected":false},"author":1,"featured_media":4133,"parent":0,"menu_order":0,"comment_status":"closed","ping_status":"closed","template":"","meta":{"footnotes":""},"class_list":["post-1832","page","type-page","status-publish","has-post-thumbnail","hentry"],"_links":{"self":[{"href":"https:\/\/dycarbonfiber.com\/it\/wp-json\/wp\/v2\/pages\/1832","targetHints":{"allow":["GET"]}}],"collection":[{"href":"https:\/\/dycarbonfiber.com\/it\/wp-json\/wp\/v2\/pages"}],"about":[{"href":"https:\/\/dycarbonfiber.com\/it\/wp-json\/wp\/v2\/types\/page"}],"author":[{"embeddable":true,"href":"https:\/\/dycarbonfiber.com\/it\/wp-json\/wp\/v2\/users\/1"}],"replies":[{"embeddable":true,"href":"https:\/\/dycarbonfiber.com\/it\/wp-json\/wp\/v2\/comments?post=1832"}],"version-history":[{"count":58,"href":"https:\/\/dycarbonfiber.com\/it\/wp-json\/wp\/v2\/pages\/1832\/revisions"}],"predecessor-version":[{"id":4191,"href":"https:\/\/dycarbonfiber.com\/it\/wp-json\/wp\/v2\/pages\/1832\/revisions\/4191"}],"wp:featuredmedia":[{"embeddable":true,"href":"https:\/\/dycarbonfiber.com\/it\/wp-json\/wp\/v2\/media\/4133"}],"wp:attachment":[{"href":"https:\/\/dycarbonfiber.com\/it\/wp-json\/wp\/v2\/media?parent=1832"}],"curies":[{"name":"wp","href":"https:\/\/api.w.org\/{rel}","templated":true}]}}