{"id":939,"date":"2024-09-30T06:53:01","date_gmt":"2024-09-30T06:53:01","guid":{"rendered":"https:\/\/dycarbonfiber-com-838631.hostingersite.com\/about\/"},"modified":"2026-01-16T01:48:06","modified_gmt":"2026-01-16T01:48:06","slug":"om-oss","status":"publish","type":"page","link":"https:\/\/dycarbonfiber.com\/nb\/om-oss\/","title":{"rendered":"Om oss"},"content":{"rendered":"<div data-elementor-type=\"wp-page\" data-elementor-id=\"939\" class=\"elementor elementor-939\" data-elementor-post-type=\"page\">\n\t\t\t\t<div class=\"elementor-element elementor-element-124ed76e e-flex e-con-boxed e-con e-parent\" data-id=\"124ed76e\" data-element_type=\"container\" data-e-type=\"container\">\n\t\t\t\t\t<div class=\"e-con-inner\">\n\t\t<div class=\"elementor-element elementor-element-50b6673b e-con-full e-flex e-con e-child\" data-id=\"50b6673b\" data-element_type=\"container\" data-e-type=\"container\">\n\t\t\t\t<div class=\"elementor-element elementor-element-29313c5d elementor-widget elementor-widget-heading\" data-id=\"29313c5d\" data-element_type=\"widget\" data-e-type=\"widget\" data-widget_type=\"heading.default\">\n\t\t\t\t\t<h1 class=\"elementor-heading-title elementor-size-default\">Selskapets profil,<br><b>Om oss<\/b><\/h1>\t\t\t\t<\/div>\n\t\t\t\t<div class=\"elementor-element elementor-element-54a2e75c elementor-widget-divider--view-line elementor-widget elementor-widget-divider\" data-id=\"54a2e75c\" data-element_type=\"widget\" data-e-type=\"widget\" data-widget_type=\"divider.default\">\n\t\t\t\t\t\t\t<div class=\"elementor-divider\">\n\t\t\t<span class=\"elementor-divider-separator\">\n\t\t\t\t\t\t<\/span>\n\t\t<\/div>\n\t\t\t\t\t\t<\/div>\n\t\t\t\t<div class=\"elementor-element elementor-element-24716e94 elementor-widget elementor-widget-text-editor\" data-id=\"24716e94\" data-element_type=\"widget\" data-e-type=\"widget\" data-widget_type=\"text-editor.default\">\n\t\t\t\t\t\t\t\t\t<p style=\"text-align: left;\"><strong>CarbonCore Dynamics<\/strong> er en global produsent av karbonfiberkomposittmaterialeprodukter og er dedikert til \u00e5 bli en f\u00f8rsteklasses leverand\u00f8r av karbonfiberprodukter og -tjenester. Jinming ble grunnlagt i 2010, har vokst i nesten 15 \u00e5r. Siden etableringen har v\u00e5rt selskap fulgt forretningsfilosofien \"kundebehovsorientert og kvalitetsorientert\" for \u00e5 tilby kvalitetstjenester b\u00e6rekraftig for innovasjon av komposittmaterialindustrien.<\/p>\t\t\t\t\t\t\t\t<\/div>\n\t\t\t\t<div class=\"elementor-element elementor-element-684d89fc elementor-tablet-align-center elementor-invisible elementor-widget elementor-widget-button\" data-id=\"684d89fc\" data-element_type=\"widget\" data-e-type=\"widget\" data-settings=\"{&quot;_animation&quot;:&quot;fadeInLeft&quot;}\" data-widget_type=\"button.default\">\n\t\t\t\t\t\t\t\t\t\t<a class=\"elementor-button elementor-button-link elementor-size-sm elementor-animation-shrink\" href=\"#elementor-action%3Aaction%3Dpopup%3Aopen%26settings%3DeyJpZCI6IjE5NjMiLCJ0b2dnbGUiOmZhbHNlfQ%3D%3D\">\n\t\t\t\t\t\t<span class=\"elementor-button-content-wrapper\">\n\t\t\t\t\t\t\t\t\t<span class=\"elementor-button-text\">Raskt tilbud<\/span>\n\t\t\t\t\t<\/span>\n\t\t\t\t\t<\/a>\n\t\t\t\t\t\t\t\t<\/div>\n\t\t\t\t<\/div>\n\t\t<div class=\"elementor-element elementor-element-ddb0333 e-con-full e-flex e-con e-child\" data-id=\"ddb0333\" data-element_type=\"container\" data-e-type=\"container\" data-settings=\"{&quot;background_background&quot;:&quot;classic&quot;,&quot;background_motion_fx_motion_fx_scrolling&quot;:&quot;yes&quot;,&quot;background_motion_fx_scale_effect&quot;:&quot;yes&quot;,&quot;background_motion_fx_scale_range&quot;:{&quot;unit&quot;:&quot;%&quot;,&quot;size&quot;:&quot;&quot;,&quot;sizes&quot;:{&quot;start&quot;:50,&quot;end&quot;:100}},&quot;background_motion_fx_scale_direction&quot;:&quot;out-in&quot;,&quot;background_motion_fx_scale_speed&quot;:{&quot;unit&quot;:&quot;px&quot;,&quot;size&quot;:4,&quot;sizes&quot;:[]},&quot;background_motion_fx_devices&quot;:[&quot;desktop&quot;,&quot;tablet&quot;,&quot;mobile&quot;]}\">\n\t\t\t\t<\/div>\n\t\t\t\t\t<\/div>\n\t\t\t\t<\/div>\n\t\t<div class=\"elementor-element elementor-element-7fcb10b0 e-flex e-con-boxed e-con e-parent\" data-id=\"7fcb10b0\" data-element_type=\"container\" data-e-type=\"container\" data-settings=\"{&quot;background_background&quot;:&quot;gradient&quot;}\">\n\t\t\t\t\t<div class=\"e-con-inner\">\n\t\t<div class=\"elementor-element elementor-element-423d12be e-con-full e-flex e-con e-child\" data-id=\"423d12be\" data-element_type=\"container\" data-e-type=\"container\">\n\t\t\t\t<div class=\"elementor-element elementor-element-5ea168d0 elementor-widget-tablet__width-inherit elementor-cta--skin-classic elementor-animated-content elementor-bg-transform elementor-bg-transform-zoom-in elementor-widget elementor-widget-call-to-action\" data-id=\"5ea168d0\" data-element_type=\"widget\" data-e-type=\"widget\" data-widget_type=\"call-to-action.default\">\n\t\t\t\t\t\t\t<div class=\"elementor-cta\">\r\n\t\t\t\t\t<div class=\"elementor-cta__bg-wrapper\">\r\n\t\t\t\t<div class=\"elementor-cta__bg elementor-bg\" style=\"background-image: url(https:\/\/dycarbonfiber.com\/wp-content\/uploads\/2024\/11\/Carbon-Fiber-CNC-Parts001.jpg);\" role=\"img\" aria-label=\"Karbonfiber-r\u00f8r\"><\/div>\r\n\t\t\t\t<div class=\"elementor-cta__bg-overlay\"><\/div>\r\n\t\t\t<\/div>\r\n\t\t\t\t\t\t\t\t<\/div>\r\n\t\t\t\t\t\t<\/div>\n\t\t\t\t<div class=\"elementor-element elementor-element-b0eed51 elementor-widget__width-initial elementor-absolute elementor-widget elementor-widget-spacer\" data-id=\"b0eed51\" data-element_type=\"widget\" data-e-type=\"widget\" data-settings=\"{&quot;_position&quot;:&quot;absolute&quot;}\" data-widget_type=\"spacer.default\">\n\t\t\t\t\t\t\t<div class=\"elementor-spacer\">\n\t\t\t<div class=\"elementor-spacer-inner\"><\/div>\n\t\t<\/div>\n\t\t\t\t\t\t<\/div>\n\t\t\t\t<\/div>\n\t\t<div class=\"elementor-element elementor-element-165fd716 e-con-full e-flex e-con e-child\" data-id=\"165fd716\" data-element_type=\"container\" data-e-type=\"container\">\n\t\t\t\t<div class=\"elementor-element elementor-element-50b8f1a3 elementor-widget-divider--view-line elementor-widget elementor-widget-divider\" data-id=\"50b8f1a3\" data-element_type=\"widget\" data-e-type=\"widget\" data-widget_type=\"divider.default\">\n\t\t\t\t\t\t\t<div class=\"elementor-divider\">\n\t\t\t<span class=\"elementor-divider-separator\">\n\t\t\t\t\t\t<\/span>\n\t\t<\/div>\n\t\t\t\t\t\t<\/div>\n\t\t\t\t<div class=\"elementor-element elementor-element-11d84d66 elementor-widget elementor-widget-heading\" data-id=\"11d84d66\" data-element_type=\"widget\" data-e-type=\"widget\" data-widget_type=\"heading.default\">\n\t\t\t\t\t<h2 class=\"elementor-heading-title elementor-size-default\"><b>hva vi gj\u00f8r<\/b><br>Forretningsfordel<\/h2>\t\t\t\t<\/div>\n\t\t\t\t<div class=\"elementor-element elementor-element-1ff727db elementor-widget elementor-widget-text-editor\" data-id=\"1ff727db\" data-element_type=\"widget\" data-e-type=\"widget\" data-widget_type=\"text-editor.default\">\n\t\t\t\t\t\t\t\t\t<h2>Fremstillingsmetoder for karbonfiber<\/h2>\t\t\t\t\t\t\t\t<\/div>\n\t\t<div class=\"elementor-element elementor-element-6f478b0b e-con-full e-flex e-con e-child\" data-id=\"6f478b0b\" data-element_type=\"container\" data-e-type=\"container\">\n\t\t\t\t<div class=\"elementor-element elementor-element-25761c6b elementor-widget elementor-widget-text-editor\" data-id=\"25761c6b\" data-element_type=\"widget\" data-e-type=\"widget\" data-widget_type=\"text-editor.default\">\n\t\t\t\t\t\t\t\t\t<p>Vi produserer karbonfiberdeler og komposittprodukter ved hjelp av en rekke ulike prosessmetoder. Vi kan ogs\u00e5 utvikle en helt ny prosess for \u00e5 oppfylle dine behov og krav.\u00a0<\/p>\t\t\t\t\t\t\t\t<\/div>\n\t\t\t\t<\/div>\n\t\t\t\t<\/div>\n\t\t\t\t\t<\/div>\n\t\t\t\t<\/div>\n\t\t<div class=\"elementor-element elementor-element-299d7641 e-con-full e-flex e-con e-parent\" data-id=\"299d7641\" data-element_type=\"container\" data-e-type=\"container\">\n\t\t<div class=\"elementor-element elementor-element-75377c94 e-con-full e-flex e-con e-child\" data-id=\"75377c94\" data-element_type=\"container\" data-e-type=\"container\">\n\t\t\t\t<div class=\"elementor-element elementor-element-45972570 elementor-widget elementor-widget-heading\" data-id=\"45972570\" data-element_type=\"widget\" data-e-type=\"widget\" data-widget_type=\"heading.default\">\n\t\t\t\t\t<h2 class=\"elementor-heading-title elementor-size-default\">vi er her for \u00e5 <b>alle dine sp\u00f8rsm\u00e5l<\/b>\n\n<\/h2>\t\t\t\t<\/div>\n\t\t\t\t<div class=\"elementor-element elementor-element-2bf73d8 elementor-widget-divider--view-line elementor-widget elementor-widget-divider\" data-id=\"2bf73d8\" data-element_type=\"widget\" data-e-type=\"widget\" data-widget_type=\"divider.default\">\n\t\t\t\t\t\t\t<div class=\"elementor-divider\">\n\t\t\t<span class=\"elementor-divider-separator\">\n\t\t\t\t\t\t<\/span>\n\t\t<\/div>\n\t\t\t\t\t\t<\/div>\n\t\t\t\t<div class=\"elementor-element elementor-element-7cc6f350 elementor-widget__width-inherit elementor-widget elementor-widget-toggle\" data-id=\"7cc6f350\" data-element_type=\"widget\" data-e-type=\"widget\" data-widget_type=\"toggle.default\">\n\t\t\t\t\t\t\t<div class=\"elementor-toggle\">\n\t\t\t\t\t\t\t<div class=\"elementor-toggle-item\">\n\t\t\t\t\t<h6 id=\"elementor-tab-title-2091\" class=\"elementor-tab-title\" data-tab=\"1\" role=\"button\" aria-controls=\"elementor-tab-content-2091\" aria-expanded=\"false\">\n\t\t\t\t\t\t\t\t\t\t\t\t<a class=\"elementor-toggle-title\" tabindex=\"0\">Hvordan lages karbonfiber?<\/a>\n\t\t\t\t\t<\/h6>\n\n\t\t\t\t\t<div id=\"elementor-tab-content-2091\" class=\"elementor-tab-content elementor-clearfix\" data-tab=\"1\" role=\"region\" aria-labelledby=\"elementor-tab-title-2091\"><p>Karbonfiber lages ved \u00e5 varme opp organiske polymerfibre (som polyakrylnitril) til ekstremt h\u00f8ye temperaturer i et oksygenfritt milj\u00f8.<\/p><p>Denne prosessen, som kalles karbonisering, fjerner atomer som ikke er karbonatomer, og etterlater tett sammenbundne karbonstrukturer.<\/p><p>Disse fibrene veves eller st\u00f8pes deretter i \u00f8nskede former og kombineres ofte med harpiks for \u00e5 danne sterke, lette kompositter.<\/p><\/div>\n\t\t\t\t<\/div>\n\t\t\t\t\t\t\t\t<\/div>\n\t\t\t\t\t\t<\/div>\n\t\t\t\t<div class=\"elementor-element elementor-element-652db6c5 elementor-widget__width-inherit elementor-widget elementor-widget-toggle\" data-id=\"652db6c5\" data-element_type=\"widget\" data-e-type=\"widget\" data-widget_type=\"toggle.default\">\n\t\t\t\t\t\t\t<div class=\"elementor-toggle\">\n\t\t\t\t\t\t\t<div class=\"elementor-toggle-item\">\n\t\t\t\t\t<h6 id=\"elementor-tab-title-1691\" class=\"elementor-tab-title\" data-tab=\"1\" role=\"button\" aria-controls=\"elementor-tab-content-1691\" aria-expanded=\"false\">\n\t\t\t\t\t\t\t\t\t\t\t\t<a class=\"elementor-toggle-title\" tabindex=\"0\">Hvor mange typer karbonfiber finnes det?<\/a>\n\t\t\t\t\t<\/h6>\n\n\t\t\t\t\t<div id=\"elementor-tab-content-1691\" class=\"elementor-tab-content elementor-clearfix\" data-tab=\"1\" role=\"region\" aria-labelledby=\"elementor-tab-title-1691\"><p>Karbonfiber kan klassifiseres i flere typer basert p\u00e5 modul, styrke og fibertype.<\/p><p>De viktigste kategoriene inkluderer <strong>h\u00f8y modul<\/strong>, <strong>h\u00f8y styrke<\/strong>, og <strong>mellomliggende modul<\/strong> fibre.<\/p><p>I tillegg kategoriseres de etter utgangsmateriale, for eksempel <strong>PAN-basert<\/strong> (mest vanlig), <strong>toneh\u00f8ydebasert<\/strong>, og <strong>rayonbasert<\/strong> fibre.<\/p><p>Valget avhenger av bruksomr\u00e5det, fra romfart til sportsutstyr.<\/p><\/div>\n\t\t\t\t<\/div>\n\t\t\t\t\t\t\t\t<\/div>\n\t\t\t\t\t\t<\/div>\n\t\t\t\t<\/div>\n\t\t<div class=\"elementor-element elementor-element-65eb204c e-con-full e-flex e-con e-child\" data-id=\"65eb204c\" data-element_type=\"container\" data-e-type=\"container\">\n\t\t\t\t<div class=\"elementor-element elementor-element-449011a elementor-widget__width-inherit elementor-widget elementor-widget-toggle\" data-id=\"449011a\" data-element_type=\"widget\" data-e-type=\"widget\" data-widget_type=\"toggle.default\">\n\t\t\t\t\t\t\t<div class=\"elementor-toggle\">\n\t\t\t\t\t\t\t<div class=\"elementor-toggle-item\">\n\t\t\t\t\t<h6 id=\"elementor-tab-title-7181\" class=\"elementor-tab-title\" data-tab=\"1\" role=\"button\" aria-controls=\"elementor-tab-content-7181\" aria-expanded=\"false\">\n\t\t\t\t\t\t\t\t\t\t\t\t<a class=\"elementor-toggle-title\" tabindex=\"0\">Hva er karbonfiber?<\/a>\n\t\t\t\t\t<\/h6>\n\n\t\t\t\t\t<div id=\"elementor-tab-content-7181\" class=\"elementor-tab-content elementor-clearfix\" data-tab=\"1\" role=\"region\" aria-labelledby=\"elementor-tab-title-7181\"><p>Karbonfiber er et materiale som er kjent for to ting: Det er lett og det er sterkt.<\/p><p>Det er laget av karbonatomer som er bundet tett sammen til krystaller som ligger p\u00e5 linje i lange, tynne tr\u00e5der.<\/p><p>Forestill deg noe som er sterkere enn st\u00e5l, men lett nok til \u00e5 flyte.<\/p><p>Det er derfor det finnes overalt i bransjer med h\u00f8y innsats.<\/p><p>Det brukes til \u00e5 bygge deler som m\u00e5 holde seg sterke under belastning, men som ikke tilf\u00f8rer un\u00f8dvendig vekt.<\/p><\/div>\n\t\t\t\t<\/div>\n\t\t\t\t\t\t\t\t<\/div>\n\t\t\t\t\t\t<\/div>\n\t\t\t\t<div class=\"elementor-element elementor-element-40f395da elementor-widget__width-inherit elementor-widget elementor-widget-toggle\" data-id=\"40f395da\" data-element_type=\"widget\" data-e-type=\"widget\" data-widget_type=\"toggle.default\">\n\t\t\t\t\t\t\t<div class=\"elementor-toggle\">\n\t\t\t\t\t\t\t<div class=\"elementor-toggle-item\">\n\t\t\t\t\t<h6 id=\"elementor-tab-title-1081\" class=\"elementor-tab-title\" data-tab=\"1\" role=\"button\" aria-controls=\"elementor-tab-content-1081\" aria-expanded=\"false\">\n\t\t\t\t\t\t\t\t\t\t\t\t<a class=\"elementor-toggle-title\" tabindex=\"0\">En rask historie om karbonfiber<\/a>\n\t\t\t\t\t<\/h6>\n\n\t\t\t\t\t<div id=\"elementor-tab-content-1081\" class=\"elementor-tab-content elementor-clearfix\" data-tab=\"1\" role=\"region\" aria-labelledby=\"elementor-tab-title-1081\"><p>Den f\u00f8rste versjonen av karbonfiber ble utviklet p\u00e5 slutten av 1800-tallet.<\/p><p>Det ble brukt i lysp\u00e6rer!<\/p><p>P\u00e5 1960-tallet begynte ingeni\u00f8rer \u00e5 se potensialet utover elektrisk bruk.<\/p><p>Flyindustrien og h\u00f8yytelsesbiler kastet seg p\u00e5.<\/p><\/div>\n\t\t\t\t<\/div>\n\t\t\t\t\t\t\t\t<\/div>\n\t\t\t\t\t\t<\/div>\n\t\t\t\t<div class=\"elementor-element elementor-element-1c8f66a9 elementor-widget__width-inherit elementor-widget elementor-widget-toggle\" data-id=\"1c8f66a9\" data-element_type=\"widget\" data-e-type=\"widget\" data-widget_type=\"toggle.default\">\n\t\t\t\t\t\t\t<div class=\"elementor-toggle\">\n\t\t\t\t\t\t\t<div class=\"elementor-toggle-item\">\n\t\t\t\t\t<h6 id=\"elementor-tab-title-4791\" class=\"elementor-tab-title\" data-tab=\"1\" role=\"button\" aria-controls=\"elementor-tab-content-4791\" aria-expanded=\"false\">\n\t\t\t\t\t\t\t\t\t\t\t\t<a class=\"elementor-toggle-title\" tabindex=\"0\">Hvorfor er karbonfiber s\u00e5 popul\u00e6rt?<\/a>\n\t\t\t\t\t<\/h6>\n\n\t\t\t\t\t<div id=\"elementor-tab-content-4791\" class=\"elementor-tab-content elementor-clearfix\" data-tab=\"1\" role=\"region\" aria-labelledby=\"elementor-tab-title-4791\"><p>Karbonfiber er fem ganger sterkere enn st\u00e5l.<\/p><p>Men den veier en br\u00f8kdel av det.<\/p><p>Og det motst\u00e5r strekk, korroderer ikke og t\u00e5ler varme.<\/p><p>Det har ogs\u00e5 en utrolig slitestyrke, noe som betyr at det beholder sin form og styrke selv etter mange \u00e5rs bruk.<\/p><p>Tenk p\u00e5 fly, racerbiler og til og med avansert sportsutstyr - de trenger noe som holder uten ekstra vekt eller masse.<\/p><\/div>\n\t\t\t\t<\/div>\n\t\t\t\t\t\t\t\t<\/div>\n\t\t\t\t\t\t<\/div>\n\t\t\t\t<div class=\"elementor-element elementor-element-6c51982c elementor-widget__width-inherit elementor-widget elementor-widget-toggle\" data-id=\"6c51982c\" data-element_type=\"widget\" data-e-type=\"widget\" data-widget_type=\"toggle.default\">\n\t\t\t\t\t\t\t<div class=\"elementor-toggle\">\n\t\t\t\t\t\t\t<div class=\"elementor-toggle-item\">\n\t\t\t\t\t<h6 id=\"elementor-tab-title-1811\" class=\"elementor-tab-title\" data-tab=\"1\" role=\"button\" aria-controls=\"elementor-tab-content-1811\" aria-expanded=\"false\">\n\t\t\t\t\t\t\t\t\t\t\t\t<a class=\"elementor-toggle-title\" tabindex=\"0\">Hva er karbonfiber og bruksomr\u00e5der?<\/a>\n\t\t\t\t\t<\/h6>\n\n\t\t\t\t\t<div id=\"elementor-tab-content-1811\" class=\"elementor-tab-content elementor-clearfix\" data-tab=\"1\" role=\"region\" aria-labelledby=\"elementor-tab-title-1811\"><p>Karbonfiber er et lett, h\u00f8yfast materiale som best\u00e5r av tynne karbontr\u00e5der som er vevd sammen og ofte innst\u00f8pt i harpiks.<\/p><p>Blant egenskapene er h\u00f8y strekkfasthet, stivhet og motstand mot varme og kjemikalier.<\/p><p>Bruksomr\u00e5dene spenner over romfart, bilindustri, sportsutstyr, vindturbiner og medisinsk utstyr, med vekt p\u00e5 vektreduksjon og holdbarhet i kritiske milj\u00f8er.<\/p><\/div>\n\t\t\t\t<\/div>\n\t\t\t\t\t\t\t\t<\/div>\n\t\t\t\t\t\t<\/div>\n\t\t\t\t<\/div>\n\t\t\t\t<\/div>\n\t\t\t\t<\/div>","protected":false},"excerpt":{"rendered":"<p>hvordan lages karbonfiberprodukter<\/p>","protected":false},"author":1,"featured_media":3027,"parent":0,"menu_order":0,"comment_status":"closed","ping_status":"closed","template":"","meta":{"footnotes":""},"class_list":["post-939","page","type-page","status-publish","has-post-thumbnail","hentry"],"_links":{"self":[{"href":"https:\/\/dycarbonfiber.com\/nb\/wp-json\/wp\/v2\/pages\/939","targetHints":{"allow":["GET"]}}],"collection":[{"href":"https:\/\/dycarbonfiber.com\/nb\/wp-json\/wp\/v2\/pages"}],"about":[{"href":"https:\/\/dycarbonfiber.com\/nb\/wp-json\/wp\/v2\/types\/page"}],"author":[{"embeddable":true,"href":"https:\/\/dycarbonfiber.com\/nb\/wp-json\/wp\/v2\/users\/1"}],"replies":[{"embeddable":true,"href":"https:\/\/dycarbonfiber.com\/nb\/wp-json\/wp\/v2\/comments?post=939"}],"version-history":[{"count":30,"href":"https:\/\/dycarbonfiber.com\/nb\/wp-json\/wp\/v2\/pages\/939\/revisions"}],"predecessor-version":[{"id":4776,"href":"https:\/\/dycarbonfiber.com\/nb\/wp-json\/wp\/v2\/pages\/939\/revisions\/4776"}],"wp:featuredmedia":[{"embeddable":true,"href":"https:\/\/dycarbonfiber.com\/nb\/wp-json\/wp\/v2\/media\/3027"}],"wp:attachment":[{"href":"https:\/\/dycarbonfiber.com\/nb\/wp-json\/wp\/v2\/media?parent=939"}],"curies":[{"name":"wp","href":"https:\/\/api.w.org\/{rel}","templated":true}]}}