{"id":939,"date":"2024-09-30T06:53:01","date_gmt":"2024-09-30T06:53:01","guid":{"rendered":"https:\/\/dycarbonfiber-com-838631.hostingersite.com\/about\/"},"modified":"2026-01-16T01:48:06","modified_gmt":"2026-01-16T01:48:06","slug":"about-us","status":"publish","type":"page","link":"https:\/\/dycarbonfiber.com\/tr\/about-us\/","title":{"rendered":"ABD Hakk\u0131nda"},"content":{"rendered":"<div data-elementor-type=\"wp-page\" data-elementor-id=\"939\" class=\"elementor elementor-939\" data-elementor-post-type=\"page\">\n\t\t\t\t<div class=\"elementor-element elementor-element-124ed76e e-flex e-con-boxed e-con e-parent\" data-id=\"124ed76e\" data-element_type=\"container\" data-e-type=\"container\">\n\t\t\t\t\t<div class=\"e-con-inner\">\n\t\t<div class=\"elementor-element elementor-element-50b6673b e-con-full e-flex e-con e-child\" data-id=\"50b6673b\" data-element_type=\"container\" data-e-type=\"container\">\n\t\t\t\t<div class=\"elementor-element elementor-element-29313c5d elementor-widget elementor-widget-heading\" data-id=\"29313c5d\" data-element_type=\"widget\" data-e-type=\"widget\" data-widget_type=\"heading.default\">\n\t\t\t\t\t<h1 class=\"elementor-heading-title elementor-size-default\">\u015eirket Profili,<br><b>Hakk\u0131m\u0131zda<\/b><\/h1>\t\t\t\t<\/div>\n\t\t\t\t<div class=\"elementor-element elementor-element-54a2e75c elementor-widget-divider--view-line elementor-widget elementor-widget-divider\" data-id=\"54a2e75c\" data-element_type=\"widget\" data-e-type=\"widget\" data-widget_type=\"divider.default\">\n\t\t\t\t\t\t\t<div class=\"elementor-divider\">\n\t\t\t<span class=\"elementor-divider-separator\">\n\t\t\t\t\t\t<\/span>\n\t\t<\/div>\n\t\t\t\t\t\t<\/div>\n\t\t\t\t<div class=\"elementor-element elementor-element-24716e94 elementor-widget elementor-widget-text-editor\" data-id=\"24716e94\" data-element_type=\"widget\" data-e-type=\"widget\" data-widget_type=\"text-editor.default\">\n\t\t\t\t\t\t\t\t\t<p style=\"text-align: left;\"><strong>CarbonCore Dynamics<\/strong> k\u00fcresel bir karbon fiber kompozit malzeme \u00fcr\u00fcnleri \u00fcreticisidir ve kendini d\u00fcnya \u00e7ap\u0131nda birinci s\u0131n\u0131f bir karbon fiber \u00fcr\u00fcn ve hizmet sa\u011flay\u0131c\u0131s\u0131 olmaya adam\u0131\u015ft\u0131r. 2010 y\u0131l\u0131nda kurulan Jinming, yakla\u015f\u0131k 15 y\u0131ld\u0131r b\u00fcy\u00fcmektedir. Kurulu\u015fundan bu yana firmam\u0131z, kompozit malzeme end\u00fcstrisinin yenili\u011fi i\u00e7in s\u00fcrd\u00fcr\u00fclebilir bir \u015fekilde kaliteli hizmet sunmak i\u00e7in \"m\u00fc\u015fteri talep odakl\u0131 ve kalite odakl\u0131\" i\u015f felsefesine ba\u011fl\u0131 kalmaktad\u0131r.<\/p>\t\t\t\t\t\t\t\t<\/div>\n\t\t\t\t<div class=\"elementor-element elementor-element-684d89fc elementor-tablet-align-center elementor-invisible elementor-widget elementor-widget-button\" data-id=\"684d89fc\" data-element_type=\"widget\" data-e-type=\"widget\" data-settings=\"{&quot;_animation&quot;:&quot;fadeInLeft&quot;}\" data-widget_type=\"button.default\">\n\t\t\t\t\t\t\t\t\t\t<a class=\"elementor-button elementor-button-link elementor-size-sm elementor-animation-shrink\" href=\"#elementor-action%3Aaction%3Dpopup%3Aopen%26settings%3DeyJpZCI6IjE5NjMiLCJ0b2dnbGUiOmZhbHNlfQ%3D%3D\">\n\t\t\t\t\t\t<span class=\"elementor-button-content-wrapper\">\n\t\t\t\t\t\t\t\t\t<span class=\"elementor-button-text\">H\u0131zl\u0131 Al\u0131nt\u0131<\/span>\n\t\t\t\t\t<\/span>\n\t\t\t\t\t<\/a>\n\t\t\t\t\t\t\t\t<\/div>\n\t\t\t\t<\/div>\n\t\t<div class=\"elementor-element elementor-element-ddb0333 e-con-full e-flex e-con e-child\" data-id=\"ddb0333\" data-element_type=\"container\" data-e-type=\"container\" data-settings=\"{&quot;background_background&quot;:&quot;classic&quot;,&quot;background_motion_fx_motion_fx_scrolling&quot;:&quot;yes&quot;,&quot;background_motion_fx_scale_effect&quot;:&quot;yes&quot;,&quot;background_motion_fx_scale_range&quot;:{&quot;unit&quot;:&quot;%&quot;,&quot;size&quot;:&quot;&quot;,&quot;sizes&quot;:{&quot;start&quot;:50,&quot;end&quot;:100}},&quot;background_motion_fx_scale_direction&quot;:&quot;out-in&quot;,&quot;background_motion_fx_scale_speed&quot;:{&quot;unit&quot;:&quot;px&quot;,&quot;size&quot;:4,&quot;sizes&quot;:[]},&quot;background_motion_fx_devices&quot;:[&quot;desktop&quot;,&quot;tablet&quot;,&quot;mobile&quot;]}\">\n\t\t\t\t<\/div>\n\t\t\t\t\t<\/div>\n\t\t\t\t<\/div>\n\t\t<div class=\"elementor-element elementor-element-7fcb10b0 e-flex e-con-boxed e-con e-parent\" data-id=\"7fcb10b0\" data-element_type=\"container\" data-e-type=\"container\" data-settings=\"{&quot;background_background&quot;:&quot;gradient&quot;}\">\n\t\t\t\t\t<div class=\"e-con-inner\">\n\t\t<div class=\"elementor-element elementor-element-423d12be e-con-full e-flex e-con e-child\" data-id=\"423d12be\" data-element_type=\"container\" data-e-type=\"container\">\n\t\t\t\t<div class=\"elementor-element elementor-element-5ea168d0 elementor-widget-tablet__width-inherit elementor-cta--skin-classic elementor-animated-content elementor-bg-transform elementor-bg-transform-zoom-in elementor-widget elementor-widget-call-to-action\" data-id=\"5ea168d0\" data-element_type=\"widget\" data-e-type=\"widget\" data-widget_type=\"call-to-action.default\">\n\t\t\t\t\t\t\t<div class=\"elementor-cta\">\r\n\t\t\t\t\t<div class=\"elementor-cta__bg-wrapper\">\r\n\t\t\t\t<div class=\"elementor-cta__bg elementor-bg\" style=\"background-image: url(https:\/\/dycarbonfiber.com\/wp-content\/uploads\/2024\/11\/Carbon-Fiber-CNC-Parts001.jpg);\" role=\"img\" aria-label=\"Karbon-Fiber-T\u00fcp\"><\/div>\r\n\t\t\t\t<div class=\"elementor-cta__bg-overlay\"><\/div>\r\n\t\t\t<\/div>\r\n\t\t\t\t\t\t\t\t<\/div>\r\n\t\t\t\t\t\t<\/div>\n\t\t\t\t<div class=\"elementor-element elementor-element-b0eed51 elementor-widget__width-initial elementor-absolute elementor-widget elementor-widget-spacer\" data-id=\"b0eed51\" data-element_type=\"widget\" data-e-type=\"widget\" data-settings=\"{&quot;_position&quot;:&quot;absolute&quot;}\" data-widget_type=\"spacer.default\">\n\t\t\t\t\t\t\t<div class=\"elementor-spacer\">\n\t\t\t<div class=\"elementor-spacer-inner\"><\/div>\n\t\t<\/div>\n\t\t\t\t\t\t<\/div>\n\t\t\t\t<\/div>\n\t\t<div class=\"elementor-element elementor-element-165fd716 e-con-full e-flex e-con e-child\" data-id=\"165fd716\" data-element_type=\"container\" data-e-type=\"container\">\n\t\t\t\t<div class=\"elementor-element elementor-element-50b8f1a3 elementor-widget-divider--view-line elementor-widget elementor-widget-divider\" data-id=\"50b8f1a3\" data-element_type=\"widget\" data-e-type=\"widget\" data-widget_type=\"divider.default\">\n\t\t\t\t\t\t\t<div class=\"elementor-divider\">\n\t\t\t<span class=\"elementor-divider-separator\">\n\t\t\t\t\t\t<\/span>\n\t\t<\/div>\n\t\t\t\t\t\t<\/div>\n\t\t\t\t<div class=\"elementor-element elementor-element-11d84d66 elementor-widget elementor-widget-heading\" data-id=\"11d84d66\" data-element_type=\"widget\" data-e-type=\"widget\" data-widget_type=\"heading.default\">\n\t\t\t\t\t<h2 class=\"elementor-heading-title elementor-size-default\"><b>Ne Yap\u0131yoruz<\/b><br>\u0130\u015f Avantaj\u0131<\/h2>\t\t\t\t<\/div>\n\t\t\t\t<div class=\"elementor-element elementor-element-1ff727db elementor-widget elementor-widget-text-editor\" data-id=\"1ff727db\" data-element_type=\"widget\" data-e-type=\"widget\" data-widget_type=\"text-editor.default\">\n\t\t\t\t\t\t\t\t\t<h2>Karbon Elyaf \u00dcretim Y\u00f6ntemleri<\/h2>\t\t\t\t\t\t\t\t<\/div>\n\t\t<div class=\"elementor-element elementor-element-6f478b0b e-con-full e-flex e-con e-child\" data-id=\"6f478b0b\" data-element_type=\"container\" data-e-type=\"container\">\n\t\t\t\t<div class=\"elementor-element elementor-element-25761c6b elementor-widget elementor-widget-text-editor\" data-id=\"25761c6b\" data-element_type=\"widget\" data-e-type=\"widget\" data-widget_type=\"text-editor.default\">\n\t\t\t\t\t\t\t\t\t<p>\u00c7e\u015fitli proses y\u00f6ntemleri kullanarak karbon fiber par\u00e7alar ve kompozit \u00fcr\u00fcnler \u00fcretiyoruz. Ya da ihtiya\u00e7 duyuldu\u011funda, ihtiya\u00e7lar\u0131n\u0131z\u0131 ve gereksinimlerinizi kar\u015f\u0131lamak i\u00e7in tamamen yeni bir s\u00fcre\u00e7 geli\u015ftirece\u011fiz.\u00a0<\/p>\t\t\t\t\t\t\t\t<\/div>\n\t\t\t\t<\/div>\n\t\t\t\t<\/div>\n\t\t\t\t\t<\/div>\n\t\t\t\t<\/div>\n\t\t<div class=\"elementor-element elementor-element-299d7641 e-con-full e-flex e-con e-parent\" data-id=\"299d7641\" data-element_type=\"container\" data-e-type=\"container\">\n\t\t<div class=\"elementor-element elementor-element-75377c94 e-con-full e-flex e-con e-child\" data-id=\"75377c94\" data-element_type=\"container\" data-e-type=\"container\">\n\t\t\t\t<div class=\"elementor-element elementor-element-45972570 elementor-widget elementor-widget-heading\" data-id=\"45972570\" data-element_type=\"widget\" data-e-type=\"widget\" data-widget_type=\"heading.default\">\n\t\t\t\t\t<h2 class=\"elementor-heading-title elementor-size-default\">biz buraday\u0131z <b>t\u00fcm sorular\u0131n\u0131z<\/b>\n\n<\/h2>\t\t\t\t<\/div>\n\t\t\t\t<div class=\"elementor-element elementor-element-2bf73d8 elementor-widget-divider--view-line elementor-widget elementor-widget-divider\" data-id=\"2bf73d8\" data-element_type=\"widget\" data-e-type=\"widget\" data-widget_type=\"divider.default\">\n\t\t\t\t\t\t\t<div class=\"elementor-divider\">\n\t\t\t<span class=\"elementor-divider-separator\">\n\t\t\t\t\t\t<\/span>\n\t\t<\/div>\n\t\t\t\t\t\t<\/div>\n\t\t\t\t<div class=\"elementor-element elementor-element-7cc6f350 elementor-widget__width-inherit elementor-widget elementor-widget-toggle\" data-id=\"7cc6f350\" data-element_type=\"widget\" data-e-type=\"widget\" data-widget_type=\"toggle.default\">\n\t\t\t\t\t\t\t<div class=\"elementor-toggle\">\n\t\t\t\t\t\t\t<div class=\"elementor-toggle-item\">\n\t\t\t\t\t<h6 id=\"elementor-tab-title-2091\" class=\"elementor-tab-title\" data-tab=\"1\" role=\"button\" aria-controls=\"elementor-tab-content-2091\" aria-expanded=\"false\">\n\t\t\t\t\t\t\t\t\t\t\t\t<a class=\"elementor-toggle-title\" tabindex=\"0\">Karbon Fiber Nas\u0131l Yap\u0131l\u0131r?<\/a>\n\t\t\t\t\t<\/h6>\n\n\t\t\t\t\t<div id=\"elementor-tab-content-2091\" class=\"elementor-tab-content elementor-clearfix\" data-tab=\"1\" role=\"region\" aria-labelledby=\"elementor-tab-title-2091\"><p>Karbon elyaf, organik polimer elyaflar\u0131n (poliakrilonitril gibi) oksijensiz bir ortamda son derece y\u00fcksek s\u0131cakl\u0131klara \u0131s\u0131t\u0131lmas\u0131yla elde edilir.<\/p><p>Karbonizasyon olarak adland\u0131r\u0131lan bu i\u015flem, karbon olmayan atomlar\u0131 uzakla\u015ft\u0131rarak geriye s\u0131k\u0131ca ba\u011flanm\u0131\u015f karbon yap\u0131lar\u0131 b\u0131rak\u0131r.<\/p><p>Bu elyaflar daha sonra istenen \u015fekillerde dokunur veya kal\u0131plan\u0131r ve genellikle g\u00fc\u00e7l\u00fc, hafif kompozitler olu\u015fturmak i\u00e7in re\u00e7inelerle birle\u015ftirilir.<\/p><\/div>\n\t\t\t\t<\/div>\n\t\t\t\t\t\t\t\t<\/div>\n\t\t\t\t\t\t<\/div>\n\t\t\t\t<div class=\"elementor-element elementor-element-652db6c5 elementor-widget__width-inherit elementor-widget elementor-widget-toggle\" data-id=\"652db6c5\" data-element_type=\"widget\" data-e-type=\"widget\" data-widget_type=\"toggle.default\">\n\t\t\t\t\t\t\t<div class=\"elementor-toggle\">\n\t\t\t\t\t\t\t<div class=\"elementor-toggle-item\">\n\t\t\t\t\t<h6 id=\"elementor-tab-title-1691\" class=\"elementor-tab-title\" data-tab=\"1\" role=\"button\" aria-controls=\"elementor-tab-content-1691\" aria-expanded=\"false\">\n\t\t\t\t\t\t\t\t\t\t\t\t<a class=\"elementor-toggle-title\" tabindex=\"0\">Ka\u00e7 \u00c7e\u015fit Karbon Fiber Var?<\/a>\n\t\t\t\t\t<\/h6>\n\n\t\t\t\t\t<div id=\"elementor-tab-content-1691\" class=\"elementor-tab-content elementor-clearfix\" data-tab=\"1\" role=\"region\" aria-labelledby=\"elementor-tab-title-1691\"><p>Karbon elyaf, mod\u00fcl, mukavemet ve elyaf t\u00fcr\u00fcne g\u00f6re \u00e7e\u015fitli tiplerde s\u0131n\u0131fland\u0131r\u0131labilir.<\/p><p>Ana kategoriler \u015funlard\u0131r <strong>y\u00fcksek mod\u00fcll\u00fc<\/strong>, <strong>y\u00fcksek mukavemetli<\/strong>ve <strong>ara mod\u00fcl<\/strong> Lifler.<\/p><p>Ayr\u0131ca, \u00f6nc\u00fcl malzemeye g\u00f6re de kategorize edilirler, \u00f6rne\u011fin <strong>PAN tabanl\u0131<\/strong> (en yayg\u0131n), <strong>perde tabanl\u0131<\/strong>ve <strong>suni ipek bazl\u0131<\/strong> Lifler.<\/p><p>Se\u00e7im, havac\u0131l\u0131ktan spor ekipmanlar\u0131na kadar uygulamaya ba\u011fl\u0131d\u0131r.<\/p><\/div>\n\t\t\t\t<\/div>\n\t\t\t\t\t\t\t\t<\/div>\n\t\t\t\t\t\t<\/div>\n\t\t\t\t<\/div>\n\t\t<div class=\"elementor-element elementor-element-65eb204c e-con-full e-flex e-con e-child\" data-id=\"65eb204c\" data-element_type=\"container\" data-e-type=\"container\">\n\t\t\t\t<div class=\"elementor-element elementor-element-449011a elementor-widget__width-inherit elementor-widget elementor-widget-toggle\" data-id=\"449011a\" data-element_type=\"widget\" data-e-type=\"widget\" data-widget_type=\"toggle.default\">\n\t\t\t\t\t\t\t<div class=\"elementor-toggle\">\n\t\t\t\t\t\t\t<div class=\"elementor-toggle-item\">\n\t\t\t\t\t<h6 id=\"elementor-tab-title-7181\" class=\"elementor-tab-title\" data-tab=\"1\" role=\"button\" aria-controls=\"elementor-tab-content-7181\" aria-expanded=\"false\">\n\t\t\t\t\t\t\t\t\t\t\t\t<a class=\"elementor-toggle-title\" tabindex=\"0\">Karbon Fiber Nedir?<\/a>\n\t\t\t\t\t<\/h6>\n\n\t\t\t\t\t<div id=\"elementor-tab-content-7181\" class=\"elementor-tab-content elementor-clearfix\" data-tab=\"1\" role=\"region\" aria-labelledby=\"elementor-tab-title-7181\"><p>Karbon fiber iki \u00f6zelli\u011fiyle bilinen bir malzemedir: hafiftir ve g\u00fc\u00e7l\u00fcd\u00fcr.<\/p><p>Uzun, ince teller halinde hizalanan kristallere s\u0131k\u0131ca ba\u011flanm\u0131\u015f karbon atomlar\u0131ndan olu\u015fur.<\/p><p>\u00c7elikten daha g\u00fc\u00e7l\u00fc ama y\u00fczebilecek kadar hafif bir \u015fey hayal edin.<\/p><p>Bu y\u00fczden y\u00fcksek riskli sekt\u00f6rlerde her yerde var.<\/p><p>\u0130nsanlar bunu stres alt\u0131nda g\u00fc\u00e7l\u00fc kalmas\u0131 gereken ancak gereksiz a\u011f\u0131rl\u0131k eklemeyen par\u00e7alar in\u015fa etmek i\u00e7in kullan\u0131yor.<\/p><\/div>\n\t\t\t\t<\/div>\n\t\t\t\t\t\t\t\t<\/div>\n\t\t\t\t\t\t<\/div>\n\t\t\t\t<div class=\"elementor-element elementor-element-40f395da elementor-widget__width-inherit elementor-widget elementor-widget-toggle\" data-id=\"40f395da\" data-element_type=\"widget\" data-e-type=\"widget\" data-widget_type=\"toggle.default\">\n\t\t\t\t\t\t\t<div class=\"elementor-toggle\">\n\t\t\t\t\t\t\t<div class=\"elementor-toggle-item\">\n\t\t\t\t\t<h6 id=\"elementor-tab-title-1081\" class=\"elementor-tab-title\" data-tab=\"1\" role=\"button\" aria-controls=\"elementor-tab-content-1081\" aria-expanded=\"false\">\n\t\t\t\t\t\t\t\t\t\t\t\t<a class=\"elementor-toggle-title\" tabindex=\"0\">Karbon Elyaf\u0131n K\u0131sa Tarihi<\/a>\n\t\t\t\t\t<\/h6>\n\n\t\t\t\t\t<div id=\"elementor-tab-content-1081\" class=\"elementor-tab-content elementor-clearfix\" data-tab=\"1\" role=\"region\" aria-labelledby=\"elementor-tab-title-1081\"><p>Karbon fiberin ilk versiyonu 1800'l\u00fc y\u0131llar\u0131n sonlar\u0131nda ba\u015flam\u0131\u015ft\u0131r.<\/p><p>Ampullerde kullan\u0131l\u0131rd\u0131!<\/p><p>1960'lara gelindi\u011finde, m\u00fchendisler elektrik kullan\u0131m\u0131n\u0131n \u00f6tesindeki potansiyelini g\u00f6rmeye ba\u015flad\u0131lar.<\/p><p>Havac\u0131l\u0131k ve y\u00fcksek performansl\u0131 arabalar da devreye girdi.<\/p><\/div>\n\t\t\t\t<\/div>\n\t\t\t\t\t\t\t\t<\/div>\n\t\t\t\t\t\t<\/div>\n\t\t\t\t<div class=\"elementor-element elementor-element-1c8f66a9 elementor-widget__width-inherit elementor-widget elementor-widget-toggle\" data-id=\"1c8f66a9\" data-element_type=\"widget\" data-e-type=\"widget\" data-widget_type=\"toggle.default\">\n\t\t\t\t\t\t\t<div class=\"elementor-toggle\">\n\t\t\t\t\t\t\t<div class=\"elementor-toggle-item\">\n\t\t\t\t\t<h6 id=\"elementor-tab-title-4791\" class=\"elementor-tab-title\" data-tab=\"1\" role=\"button\" aria-controls=\"elementor-tab-content-4791\" aria-expanded=\"false\">\n\t\t\t\t\t\t\t\t\t\t\t\t<a class=\"elementor-toggle-title\" tabindex=\"0\">Karbon Fiber Neden Bu Kadar Pop\u00fcler?<\/a>\n\t\t\t\t\t<\/h6>\n\n\t\t\t\t\t<div id=\"elementor-tab-content-4791\" class=\"elementor-tab-content elementor-clearfix\" data-tab=\"1\" role=\"region\" aria-labelledby=\"elementor-tab-title-4791\"><p>Karbon fiber \u00e7elikten be\u015f kat daha g\u00fc\u00e7l\u00fcd\u00fcr.<\/p><p>Ama a\u011f\u0131rl\u0131\u011f\u0131 \u00e7ok az.<\/p><p>Ayr\u0131ca esnemeye kar\u015f\u0131 dayan\u0131kl\u0131d\u0131r, korozyona u\u011framaz ve \u0131s\u0131 alt\u0131nda dayan\u0131r.<\/p><p>Ayr\u0131ca inan\u0131lmaz bir yorulma direncine sahiptir, bu da y\u0131llarca kullan\u0131mdan sonra bile \u015feklini ve g\u00fcc\u00fcn\u00fc korudu\u011fu anlam\u0131na gelir.<\/p><p>U\u00e7aklar\u0131, yar\u0131\u015f arabalar\u0131n\u0131 ve hatta \u00fcst d\u00fczey spor ekipmanlar\u0131n\u0131 d\u00fc\u015f\u00fcn\u00fcn - ek a\u011f\u0131rl\u0131k veya hacim olmadan dayanacak bir \u015feye ihtiya\u00e7lar\u0131 var.<\/p><\/div>\n\t\t\t\t<\/div>\n\t\t\t\t\t\t\t\t<\/div>\n\t\t\t\t\t\t<\/div>\n\t\t\t\t<div class=\"elementor-element elementor-element-6c51982c elementor-widget__width-inherit elementor-widget elementor-widget-toggle\" data-id=\"6c51982c\" data-element_type=\"widget\" data-e-type=\"widget\" data-widget_type=\"toggle.default\">\n\t\t\t\t\t\t\t<div class=\"elementor-toggle\">\n\t\t\t\t\t\t\t<div class=\"elementor-toggle-item\">\n\t\t\t\t\t<h6 id=\"elementor-tab-title-1811\" class=\"elementor-tab-title\" data-tab=\"1\" role=\"button\" aria-controls=\"elementor-tab-content-1811\" aria-expanded=\"false\">\n\t\t\t\t\t\t\t\t\t\t\t\t<a class=\"elementor-toggle-title\" tabindex=\"0\">Karbon Elyaf Nedir ve Uygulamalar\u0131 Nelerdir?<\/a>\n\t\t\t\t\t<\/h6>\n\n\t\t\t\t\t<div id=\"elementor-tab-content-1811\" class=\"elementor-tab-content elementor-clearfix\" data-tab=\"1\" role=\"region\" aria-labelledby=\"elementor-tab-title-1811\"><p>Karbon fiber, birlikte dokunmu\u015f ve genellikle re\u00e7ine i\u00e7ine g\u00f6m\u00fclm\u00fc\u015f ince karbon tellerden olu\u015fan hafif, y\u00fcksek mukavemetli bir malzemedir.<\/p><p>\u00d6zellikleri aras\u0131nda y\u00fcksek gerilme mukavemeti, sertlik, \u0131s\u0131ya ve kimyasallara kar\u015f\u0131 diren\u00e7 bulunmaktad\u0131r.<\/p><p>Uygulamalar havac\u0131l\u0131k, otomotiv, spor ekipmanlar\u0131, r\u00fczgar t\u00fcrbinleri ve t\u0131bbi cihazlar\u0131 kapsar ve kritik ortamlarda a\u011f\u0131rl\u0131k azaltma ve dayan\u0131kl\u0131l\u0131\u011f\u0131 vurgular.<\/p><\/div>\n\t\t\t\t<\/div>\n\t\t\t\t\t\t\t\t<\/div>\n\t\t\t\t\t\t<\/div>\n\t\t\t\t<\/div>\n\t\t\t\t<\/div>\n\t\t\t\t<\/div>","protected":false},"excerpt":{"rendered":"<p>karbon fiber \u00fcr\u00fcnler nas\u0131l yap\u0131l\u0131r<\/p>","protected":false},"author":1,"featured_media":3027,"parent":0,"menu_order":0,"comment_status":"closed","ping_status":"closed","template":"","meta":{"footnotes":""},"class_list":["post-939","page","type-page","status-publish","has-post-thumbnail","hentry"],"_links":{"self":[{"href":"https:\/\/dycarbonfiber.com\/tr\/wp-json\/wp\/v2\/pages\/939","targetHints":{"allow":["GET"]}}],"collection":[{"href":"https:\/\/dycarbonfiber.com\/tr\/wp-json\/wp\/v2\/pages"}],"about":[{"href":"https:\/\/dycarbonfiber.com\/tr\/wp-json\/wp\/v2\/types\/page"}],"author":[{"embeddable":true,"href":"https:\/\/dycarbonfiber.com\/tr\/wp-json\/wp\/v2\/users\/1"}],"replies":[{"embeddable":true,"href":"https:\/\/dycarbonfiber.com\/tr\/wp-json\/wp\/v2\/comments?post=939"}],"version-history":[{"count":30,"href":"https:\/\/dycarbonfiber.com\/tr\/wp-json\/wp\/v2\/pages\/939\/revisions"}],"predecessor-version":[{"id":4776,"href":"https:\/\/dycarbonfiber.com\/tr\/wp-json\/wp\/v2\/pages\/939\/revisions\/4776"}],"wp:featuredmedia":[{"embeddable":true,"href":"https:\/\/dycarbonfiber.com\/tr\/wp-json\/wp\/v2\/media\/3027"}],"wp:attachment":[{"href":"https:\/\/dycarbonfiber.com\/tr\/wp-json\/wp\/v2\/media?parent=939"}],"curies":[{"name":"wp","href":"https:\/\/api.w.org\/{rel}","templated":true}]}}